{"id":706,"date":"2021-03-09T18:21:43","date_gmt":"2021-03-09T21:21:43","guid":{"rendered":"http:\/\/angustiasdamaturidade.com.br\/?page_id=706"},"modified":"2025-10-08T11:16:26","modified_gmt":"2025-10-08T14:16:26","slug":"teste-qualidade-de-vida","status":"publish","type":"page","link":"https:\/\/angustiasdamaturidade.com.br\/?page_id=706","title":{"rendered":"Qualidade de Vida (Teste)"},"content":{"rendered":"\t\t<div data-elementor-type=\"wp-page\" data-elementor-id=\"706\" class=\"elementor elementor-706\">\n\t\t\t\t\t\t<section class=\"elementor-section elementor-top-section elementor-element elementor-element-7eb9f54a elementor-section-boxed elementor-section-height-default elementor-section-height-default\" data-id=\"7eb9f54a\" data-element_type=\"section\" data-e-type=\"section\">\n\t\t\t\t\t\t<div class=\"elementor-container elementor-column-gap-default\">\n\t\t\t\t\t<div class=\"elementor-column elementor-col-100 elementor-top-column elementor-element elementor-element-681b69ee\" data-id=\"681b69ee\" data-element_type=\"column\" data-e-type=\"column\">\n\t\t\t<div class=\"elementor-widget-wrap elementor-element-populated\">\n\t\t\t\t\t\t<div class=\"elementor-element elementor-element-6a66afbe elementor-widget elementor-widget-text-editor\" data-id=\"6a66afbe\" data-element_type=\"widget\" data-e-type=\"widget\" data-widget_type=\"text-editor.default\">\n\t\t\t\t<div class=\"elementor-widget-container\">\n\t\t\t\t\t\t\t\t\t\n<section class=\"wp-block-uagb-section uagb-section__wrap uagb-section__background-video uagb-block-57038206\">\n<div class=\"uagb-section__overlay\">\u00a0<\/div>\n<div class=\"uagb-section__video-wrap\"><video autoplay=\"autoplay\" loop=\"loop\" muted=\"\" width=\"300\" height=\"150\"><source src=\"https:\/\/angustiasdamaturidade.com.br\/wp-content\/uploads\/2021\/03\/video.mp4\" type=\"video\/mp4\" \/><\/video><\/div>\n<div class=\"uagb-section__inner-wrap\">\n<div class=\"wp-block-uagb-info-box uagb-infobox__outer-wrap uagb-block-43650f25\">\n<div class=\"uagb-infobox__content-wrap uagb-infobox uagb-infobox-has-icon uagb-infobox-icon-above-title uagb-infobox-image-valign-top uagb-infobox-enable-border-radius \">\n<div class=\"uagb-ifb-left-right-wrap\">\n<div class=\"uagb-ifb-content\">\n<div class=\"uagb-ifb-title-wrap\">\n<h3 class=\"uagb-ifb-title\">De acordo com a Organiza\u00e7\u00e3o Mundial da Sa\u00fade, qualidade de vida \u00e9 \u201ca percep\u00e7\u00e3o do indiv\u00edduo de sua inser\u00e7\u00e3o na vida, no contexto da cultura e sistemas de valores nos quais ele vive e em rela\u00e7\u00e3o aos seus objetivos, expectativas, padr\u00f5es e preocupa\u00e7\u00f5es\u201d.<\/h3>\n<\/div>\n<\/div>\n<\/div>\n<\/div>\n<\/div>\n<div class=\"wp-block-uagb-buttons uagb-buttons__outer-wrap uagb-block-b7f1d5df\">\n<div class=\"uagb-buttons__wrap uagb-buttons-layout-wrap\">\n<div class=\"wp-block-uagb-buttons-child uagb-buttons__outer-wrap uagb-block-3361cfa3\">\n<div class=\"uagb-button__wrapper\">\n<div class=\"uagb-button__link\">\u00a0<\/div>\n<\/div>\n<\/div>\n<\/div>\n<\/div>\n<\/div>\n<\/section>\n<!-- \/wp:uagb\/section -->\t\t\t\t\t\t\t\t<\/div>\n\t\t\t\t<\/div>\n\t\t\t\t\t<\/div>\n\t\t<\/div>\n\t\t\t\t\t<\/div>\n\t\t<\/section>\n\t\t<div class=\"elementor-element elementor-element-faf461c e-flex e-con-boxed e-con e-parent\" data-id=\"faf461c\" data-element_type=\"container\" data-e-type=\"container\">\n\t\t\t\t\t<div class=\"e-con-inner\">\n\t\t\t\t<div class=\"elementor-element elementor-element-edcd1eb elementor-widget elementor-widget-html\" data-id=\"edcd1eb\" data-element_type=\"widget\" data-e-type=\"widget\" data-widget_type=\"html.default\">\n\t\t\t\t<div class=\"elementor-widget-container\">\n\t\t\t\t\t<script>(function(t,e,s,n){var o,a,c;t.SMCX=t.SMCX||[],e.getElementById(n)||(o=e.getElementsByTagName(s),a=o[o.length-1],c=e.createElement(s),c.type=\"text\/javascript\",c.async=!0,c.id=n,c.src=\"https:\/\/widget.surveymonkey.com\/collect\/website\/js\/tRaiETqnLgj758hTBazgd80lxGkiP9T3EipoqyBrdpNIJU_2FSAoop1dQREcgNPTuE.js\",a.parentNode.insertBefore(c,a))})(window,document,\"script\",\"smcx-sdk\");<\/script><a style=\"font: 12px Helvetica, sans-serif; color: #999; text-decoration: none;\" href=pt.surveymonkey.com> Crie seu pr\u00f3prio question\u00e1rio de feedback de usu\u00e1rio <\/a>\t\t\t\t<\/div>\n\t\t\t\t<\/div>\n\t\t\t\t\t<\/div>\n\t\t\t\t<\/div>\n\t\t<div class=\"elementor-element elementor-element-15b9798 e-flex e-con-boxed e-con e-parent\" data-id=\"15b9798\" data-element_type=\"container\" data-e-type=\"container\">\n\t\t\t\t\t<div class=\"e-con-inner\">\n\t\t\t\t<div class=\"elementor-element elementor-element-bf015d3 elementor-widget elementor-widget-text-editor\" data-id=\"bf015d3\" data-element_type=\"widget\" data-e-type=\"widget\" data-widget_type=\"text-editor.default\">\n\t\t\t\t<div class=\"elementor-widget-container\">\n\t\t\t\t\t\t\t\t\t<p>Voc\u00ea est\u00e1 realizando alguns testes que nos mostrar\u00e3o como est\u00e1 o seu Estilo de Vida e como est\u00e1 aderente \u00e0 busca de Qualidade de Vida. Esse trabalho complementa de forma natural entretanto n\u00e3o deve ser encarado como um substitutivo das recomenda\u00e7\u00f5es m\u00e9dicas. Discuta com seu m\u00e9dico antes de qualquer altera\u00e7\u00e3o nas recomenda\u00e7\u00f5es m\u00e9dicas.<\/p>\t\t\t\t\t\t\t\t<\/div>\n\t\t\t\t<\/div>\n\t\t\t\t\t<\/div>\n\t\t\t\t<\/div>\n\t\t\t\t<\/div>\n\t\t","protected":false},"excerpt":{"rendered":"<p>Crie seu pr\u00f3prio question\u00e1rio de feedback de usu\u00e1rio Voc\u00ea est\u00e1 realizando alguns testes que nos mostrar\u00e3o como est\u00e1 o seu Estilo de Vida e como est\u00e1 aderente \u00e0 busca de Qualidade de Vida. Esse trabalho complementa de forma natural entretanto n\u00e3o deve ser encarado como um substitutivo das recomenda\u00e7\u00f5es m\u00e9dicas. Discuta com seu m\u00e9dico antes &hellip; <\/p>\n<p class=\"link-more\"><a href=\"https:\/\/angustiasdamaturidade.com.br\/?page_id=706\" class=\"more-link\">Continue lendo<span class=\"screen-reader-text\"> &#8220;Qualidade de Vida (Teste)&#8221;<\/span><\/a><\/p>\n","protected":false},"author":1,"featured_media":0,"parent":0,"menu_order":0,"comment_status":"closed","ping_status":"closed","template":"","meta":{"footnotes":""},"class_list":["post-706","page","type-page","status-publish","hentry"],"_links":{"self":[{"href":"https:\/\/angustiasdamaturidade.com.br\/index.php?rest_route=\/wp\/v2\/pages\/706","targetHints":{"allow":["GET"]}}],"collection":[{"href":"https:\/\/angustiasdamaturidade.com.br\/index.php?rest_route=\/wp\/v2\/pages"}],"about":[{"href":"https:\/\/angustiasdamaturidade.com.br\/index.php?rest_route=\/wp\/v2\/types\/page"}],"author":[{"embeddable":true,"href":"https:\/\/angustiasdamaturidade.com.br\/index.php?rest_route=\/wp\/v2\/users\/1"}],"replies":[{"embeddable":true,"href":"https:\/\/angustiasdamaturidade.com.br\/index.php?rest_route=%2Fwp%2Fv2%2Fcomments&post=706"}],"version-history":[{"count":50,"href":"https:\/\/angustiasdamaturidade.com.br\/index.php?rest_route=\/wp\/v2\/pages\/706\/revisions"}],"predecessor-version":[{"id":3326,"href":"https:\/\/angustiasdamaturidade.com.br\/index.php?rest_route=\/wp\/v2\/pages\/706\/revisions\/3326"}],"wp:attachment":[{"href":"https:\/\/angustiasdamaturidade.com.br\/index.php?rest_route=%2Fwp%2Fv2%2Fmedia&parent=706"}],"curies":[{"name":"wp","href":"https:\/\/api.w.org\/{rel}","templated":true}]}}