{"id":491,"date":"2021-03-06T13:07:35","date_gmt":"2021-03-06T16:07:35","guid":{"rendered":"http:\/\/angustiasdamaturidade.com.br\/?page_id=491"},"modified":"2021-03-06T14:01:05","modified_gmt":"2021-03-06T17:01:05","slug":"envelhecimento-ativo","status":"publish","type":"page","link":"https:\/\/angustiasdamaturidade.com.br\/?page_id=491","title":{"rendered":"Envelhecimento Ativo"},"content":{"rendered":"\t\t<div data-elementor-type=\"wp-page\" data-elementor-id=\"491\" class=\"elementor elementor-491\">\n\t\t\t\t\t\t<section class=\"elementor-section elementor-top-section elementor-element elementor-element-fb6cdd5 elementor-section-boxed elementor-section-height-default elementor-section-height-default\" data-id=\"fb6cdd5\" data-element_type=\"section\" data-e-type=\"section\">\n\t\t\t\t\t\t<div class=\"elementor-container elementor-column-gap-default\">\n\t\t\t\t\t<div class=\"elementor-column elementor-col-100 elementor-top-column elementor-element elementor-element-f877e3b\" data-id=\"f877e3b\" data-element_type=\"column\" data-e-type=\"column\">\n\t\t\t<div class=\"elementor-widget-wrap elementor-element-populated\">\n\t\t\t\t\t\t<div class=\"elementor-element elementor-element-4dceba9 elementor-widget elementor-widget-heading\" data-id=\"4dceba9\" data-element_type=\"widget\" data-e-type=\"widget\" data-widget_type=\"heading.default\">\n\t\t\t\t<div class=\"elementor-widget-container\">\n\t\t\t\t\t<h2 class=\"elementor-heading-title elementor-size-default\">Envelhecimento Ativo na perspectiva da OMS<\/h2>\t\t\t\t<\/div>\n\t\t\t\t<\/div>\n\t\t\t\t\t<\/div>\n\t\t<\/div>\n\t\t\t\t\t<\/div>\n\t\t<\/section>\n\t\t\t\t<section class=\"elementor-section elementor-top-section elementor-element elementor-element-b43aa83 elementor-section-boxed elementor-section-height-default elementor-section-height-default\" data-id=\"b43aa83\" data-element_type=\"section\" data-e-type=\"section\">\n\t\t\t\t\t\t<div class=\"elementor-container elementor-column-gap-default\">\n\t\t\t\t\t<div class=\"elementor-column elementor-col-100 elementor-top-column elementor-element elementor-element-12dc176\" data-id=\"12dc176\" data-element_type=\"column\" data-e-type=\"column\">\n\t\t\t<div class=\"elementor-widget-wrap elementor-element-populated\">\n\t\t\t\t\t\t<div class=\"elementor-element elementor-element-fd8b882 elementor-widget elementor-widget-text-editor\" data-id=\"fd8b882\" data-element_type=\"widget\" data-e-type=\"widget\" data-widget_type=\"text-editor.default\">\n\t\t\t\t<div class=\"elementor-widget-container\">\n\t\t\t\t\t\t\t\t\t<p style=\"text-align: center;\">&#8220;Um processo de otimiza\u00e7\u00e3o das oportunidades sa\u00fade, participa\u00e7\u00e3o e seguran\u00e7a, com o objetivo de melhorar a qualidade de vida \u00e0 medida que as pessoas ficam mais velhas&#8221;<\/p><p>&#8220;Ativo&#8221; significa participar das quest\u00f5es sociais, econ\u00f4micas, culturais, espirituais e civis e n\u00e3o apenas estar fisicamente ativo ou fazer parte da for\u00e7a de trabalho<\/p><p style=\"text-align: center;\"><strong>Objetivo \u00e9 longevidade com qualidade de vida<\/strong><\/p>\t\t\t\t\t\t\t\t<\/div>\n\t\t\t\t<\/div>\n\t\t\t\t\t<\/div>\n\t\t<\/div>\n\t\t\t\t\t<\/div>\n\t\t<\/section>\n\t\t\t\t<section class=\"elementor-section elementor-top-section elementor-element elementor-element-226dab0 elementor-section-boxed elementor-section-height-default elementor-section-height-default\" data-id=\"226dab0\" data-element_type=\"section\" data-e-type=\"section\">\n\t\t\t\t\t\t<div class=\"elementor-container elementor-column-gap-default\">\n\t\t\t\t\t<div class=\"elementor-column elementor-col-100 elementor-top-column elementor-element elementor-element-15e0227\" data-id=\"15e0227\" data-element_type=\"column\" data-e-type=\"column\">\n\t\t\t<div class=\"elementor-widget-wrap elementor-element-populated\">\n\t\t\t\t\t\t<div class=\"elementor-element elementor-element-80f10cf elementor-widget elementor-widget-image\" data-id=\"80f10cf\" data-element_type=\"widget\" data-e-type=\"widget\" data-widget_type=\"image.default\">\n\t\t\t\t<div class=\"elementor-widget-container\">\n\t\t\t\t\t\t\t\t\t\t\t\t<figure class=\"wp-caption\">\n\t\t\t\t\t\t\t\t\t\t<img fetchpriority=\"high\" decoding=\"async\" width=\"740\" height=\"416\" src=\"https:\/\/angustiasdamaturidade.com.br\/wp-content\/uploads\/2021\/03\/babyboomerso_1600-1024x576-1.jpg\" class=\"attachment-large size-large wp-image-385\" alt=\"\" srcset=\"https:\/\/angustiasdamaturidade.com.br\/wp-content\/uploads\/2021\/03\/babyboomerso_1600-1024x576-1.jpg 1024w, https:\/\/angustiasdamaturidade.com.br\/wp-content\/uploads\/2021\/03\/babyboomerso_1600-1024x576-1-350x197.jpg 350w, https:\/\/angustiasdamaturidade.com.br\/wp-content\/uploads\/2021\/03\/babyboomerso_1600-1024x576-1-300x169.jpg 300w, https:\/\/angustiasdamaturidade.com.br\/wp-content\/uploads\/2021\/03\/babyboomerso_1600-1024x576-1-768x432.jpg 768w, https:\/\/angustiasdamaturidade.com.br\/wp-content\/uploads\/2021\/03\/babyboomerso_1600-1024x576-1-600x338.jpg 600w\" sizes=\"100vw\" \/>\t\t\t\t\t\t\t\t\t\t\t<figcaption class=\"widget-image-caption wp-caption-text\">Envelhecimento Ativo<\/figcaption>\n\t\t\t\t\t\t\t\t\t\t<\/figure>\n\t\t\t\t\t\t\t\t\t<\/div>\n\t\t\t\t<\/div>\n\t\t\t\t\t<\/div>\n\t\t<\/div>\n\t\t\t\t\t<\/div>\n\t\t<\/section>\n\t\t\t\t<section class=\"elementor-section elementor-top-section elementor-element elementor-element-12b6a12 elementor-section-boxed elementor-section-height-default elementor-section-height-default\" data-id=\"12b6a12\" data-element_type=\"section\" data-e-type=\"section\">\n\t\t\t\t\t\t<div class=\"elementor-container elementor-column-gap-default\">\n\t\t\t\t\t<div class=\"elementor-column elementor-col-100 elementor-top-column elementor-element elementor-element-5592376\" data-id=\"5592376\" data-element_type=\"column\" data-e-type=\"column\">\n\t\t\t<div class=\"elementor-widget-wrap elementor-element-populated\">\n\t\t\t\t\t\t<div class=\"elementor-element elementor-element-d78622a elementor-widget elementor-widget-text-editor\" data-id=\"d78622a\" data-element_type=\"widget\" data-e-type=\"widget\" data-widget_type=\"text-editor.default\">\n\t\t\t\t<div class=\"elementor-widget-container\">\n\t\t\t\t\t\t\t\t\t<p>Fatores determinantes conforme OMS estruturados nos tr\u00eas pilares da promo\u00e7\u00e3o para o envelhecimento ativo:<\/p><ol><li>Participa\u00e7\u00e3o<\/li><li>Sa\u00fade \u00a0<\/li><li>Seguran\u00e7a (WHO,2005)<\/li><\/ol><div>\u00a0<\/div><ul><li>Acesso a servi\u00e7os de sa\u00fade, preven\u00e7\u00e3o de doen\u00e7as<\/li><li><span style=\"font-style: inherit; color: var( --e-global-color-text ); font-family: var( --e-global-typography-text-font-family ), Sans-serif;\">Aspectos comportamentais com \u00eanfase no autocuidado e estilo de vida<\/span><\/li><li><span style=\"font-style: inherit; color: var( --e-global-color-text ); font-family: var( --e-global-typography-text-font-family ), Sans-serif;\">Aspectos gen\u00e9ticos e psicossociais<\/span><\/li><li><span style=\"font-style: inherit; color: var( --e-global-color-text ); font-family: var( --e-global-typography-text-font-family ), Sans-serif;\">Ambiente f\u00edsico: moradia, infraestrutura e preven\u00e7\u00e3o de quedas<\/span><\/li><li><span style=\"font-style: inherit; color: var( --e-global-color-text ); font-family: var( --e-global-typography-text-font-family ), Sans-serif;\">Ambiente social &#8211; rede de apoio, educa\u00e7\u00e3o, aprendizagem ao longo da vida e garantia dos direitos sociais<\/span><\/li><li><span style=\"font-style: inherit; color: var( --e-global-color-text ); font-family: var( --e-global-typography-text-font-family ), Sans-serif;\">Aspectos econ\u00f4micos &#8211; renda, trabalho prote\u00e7\u00e3o social<\/span><\/li><\/ul>\t\t\t\t\t\t\t\t<\/div>\n\t\t\t\t<\/div>\n\t\t\t\t\t<\/div>\n\t\t<\/div>\n\t\t\t\t\t<\/div>\n\t\t<\/section>\n\t\t\t\t<section class=\"elementor-section elementor-top-section elementor-element elementor-element-7ac5f61 elementor-section-boxed elementor-section-height-default elementor-section-height-default\" data-id=\"7ac5f61\" data-element_type=\"section\" data-e-type=\"section\">\n\t\t\t\t\t\t<div class=\"elementor-container elementor-column-gap-default\">\n\t\t\t\t\t<div class=\"elementor-column elementor-col-50 elementor-top-column elementor-element elementor-element-9527f24\" data-id=\"9527f24\" data-element_type=\"column\" data-e-type=\"column\">\n\t\t\t<div class=\"elementor-widget-wrap elementor-element-populated\">\n\t\t\t\t\t\t<div class=\"elementor-element elementor-element-d7986f1 elementor-widget elementor-widget-text-editor\" data-id=\"d7986f1\" data-element_type=\"widget\" data-e-type=\"widget\" data-widget_type=\"text-editor.default\">\n\t\t\t\t<div class=\"elementor-widget-container\">\n\t\t\t\t\t\t\t\t\t<p style=\"text-align: center;\"><strong>Promo\u00e7\u00e3o de Sa\u00fade, o que vem a ser?<\/strong><\/p>\t\t\t\t\t\t\t\t<\/div>\n\t\t\t\t<\/div>\n\t\t\t\t\t<\/div>\n\t\t<\/div>\n\t\t\t\t<div class=\"elementor-column elementor-col-50 elementor-top-column elementor-element elementor-element-4ba60d3\" data-id=\"4ba60d3\" data-element_type=\"column\" data-e-type=\"column\">\n\t\t\t<div class=\"elementor-widget-wrap elementor-element-populated\">\n\t\t\t\t\t\t<div class=\"elementor-element elementor-element-25e89f3 elementor-widget elementor-widget-text-editor\" data-id=\"25e89f3\" data-element_type=\"widget\" data-e-type=\"widget\" data-widget_type=\"text-editor.default\">\n\t\t\t\t<div class=\"elementor-widget-container\">\n\t\t\t\t\t\t\t\t\t<div class=\"page\" title=\"Page 9\"><div class=\"layoutArea\"><div class=\"column\"><p>\u201cA promoc\u0327a\u0303o da sau\u0301de compreende a ac\u0327a\u0303o individual, a ac\u0327a\u0303o da comunidade e a ac\u0327a\u0303o e o compromisso dos governos na busca de uma vida mais sauda\u0301vel para todos e para cada um\u201d.(Pol\u00edtica Nacional de Promo\u00e7\u00e3o de Sa\u00fade)<\/p><p>\u00c9 olhada como &#8220;um objeto&#8221;, um conceito em constru\u00e7\u00e3o, em movimento, dependendo de valores sociais, culturais, subjetivos e hist\u00f3ricos. Uma busca por uma rela\u00e7\u00e3o harmoniosa conosco e com o mundo de forma a obtermos maior qualidade de vida<\/p><p>Promo\u00e7\u00e3o de sa\u00fade lida com nosso estilo de vida portanto, \u00e9 importante entender o quanto somos respons\u00e1veis por essa busca constante,<\/p><p style=\"text-align: center;\"><strong>Longevidade com Qualidade de Vida!<\/strong><\/p><\/div><\/div><\/div>\t\t\t\t\t\t\t\t<\/div>\n\t\t\t\t<\/div>\n\t\t\t\t\t<\/div>\n\t\t<\/div>\n\t\t\t\t\t<\/div>\n\t\t<\/section>\n\t\t\t\t<section class=\"elementor-section elementor-top-section elementor-element elementor-element-4fbcc92 elementor-section-boxed elementor-section-height-default elementor-section-height-default\" data-id=\"4fbcc92\" data-element_type=\"section\" data-e-type=\"section\">\n\t\t\t\t\t\t<div class=\"elementor-container elementor-column-gap-default\">\n\t\t\t\t\t<div class=\"elementor-column elementor-col-100 elementor-top-column elementor-element elementor-element-e1a0b0d\" data-id=\"e1a0b0d\" data-element_type=\"column\" data-e-type=\"column\">\n\t\t\t<div class=\"elementor-widget-wrap elementor-element-populated\">\n\t\t\t\t\t\t<div class=\"elementor-element elementor-element-03a5653 elementor-widget elementor-widget-text-editor\" data-id=\"03a5653\" data-element_type=\"widget\" data-e-type=\"widget\" data-widget_type=\"text-editor.default\">\n\t\t\t\t<div class=\"elementor-widget-container\">\n\t\t\t\t\t\t\t\t\t<p>Para n\u00f3s olharemos a promo\u00e7\u00e3o da sa\u00fade pela \u00f3tica dos seguintes aspectos:<\/p><p>Corpo biol\u00f3gico (nossa sa\u00fade f\u00edsica)<\/p><p>Sa\u00fade mental (como estamos psicologicamente para lidar com essa etapa da nossa vida)<\/p><p>Ambiente (como est\u00e1 o ambiente \u00e0 nossa volta seja no mundo al\u00e9m do nosso ambiente di\u00e1rio e nele pr\u00f3prio)<\/p><p>Relacionamento Social (como est\u00e3o as nossas rela\u00e7\u00f5es sociais, amigos, parentes, etc)<\/p>\t\t\t\t\t\t\t\t<\/div>\n\t\t\t\t<\/div>\n\t\t\t\t\t<\/div>\n\t\t<\/div>\n\t\t\t\t\t<\/div>\n\t\t<\/section>\n\t\t\t\t<section class=\"elementor-section elementor-top-section elementor-element elementor-element-c127e07 elementor-section-boxed elementor-section-height-default elementor-section-height-default\" data-id=\"c127e07\" data-element_type=\"section\" data-e-type=\"section\">\n\t\t\t\t\t\t<div class=\"elementor-container elementor-column-gap-default\">\n\t\t\t\t\t<div class=\"elementor-column elementor-col-100 elementor-top-column elementor-element elementor-element-825e342\" data-id=\"825e342\" data-element_type=\"column\" data-e-type=\"column\">\n\t\t\t<div class=\"elementor-widget-wrap elementor-element-populated\">\n\t\t\t\t\t\t<div class=\"elementor-element elementor-element-030d5cf elementor-widget elementor-widget-heading\" data-id=\"030d5cf\" data-element_type=\"widget\" data-e-type=\"widget\" data-widget_type=\"heading.default\">\n\t\t\t\t<div class=\"elementor-widget-container\">\n\t\t\t\t\t<h2 class=\"elementor-heading-title elementor-size-default\">Quer saber como est\u00e1 sua qualidade de vida? <\/h2>\t\t\t\t<\/div>\n\t\t\t\t<\/div>\n\t\t\t\t\t<\/div>\n\t\t<\/div>\n\t\t\t\t\t<\/div>\n\t\t<\/section>\n\t\t\t\t<section class=\"elementor-section elementor-top-section elementor-element elementor-element-e074e84 elementor-section-boxed elementor-section-height-default elementor-section-height-default\" data-id=\"e074e84\" data-element_type=\"section\" data-e-type=\"section\">\n\t\t\t\t\t\t<div class=\"elementor-container elementor-column-gap-default\">\n\t\t\t\t\t<div class=\"elementor-column elementor-col-100 elementor-top-column elementor-element elementor-element-e99df82\" data-id=\"e99df82\" data-element_type=\"column\" data-e-type=\"column\">\n\t\t\t<div class=\"elementor-widget-wrap\">\n\t\t\t\t\t\t\t<\/div>\n\t\t<\/div>\n\t\t\t\t\t<\/div>\n\t\t<\/section>\n\t\t\t\t<\/div>\n\t\t","protected":false},"excerpt":{"rendered":"<p>Envelhecimento Ativo na perspectiva da OMS &#8220;Um processo de otimiza\u00e7\u00e3o das oportunidades sa\u00fade, participa\u00e7\u00e3o e seguran\u00e7a, com o objetivo de melhorar a qualidade de vida \u00e0 medida que as pessoas ficam mais velhas&#8221; &#8220;Ativo&#8221; significa participar das quest\u00f5es sociais, econ\u00f4micas, culturais, espirituais e civis e n\u00e3o apenas estar fisicamente ativo ou fazer parte da for\u00e7a &hellip; <\/p>\n<p class=\"link-more\"><a href=\"https:\/\/angustiasdamaturidade.com.br\/?page_id=491\" class=\"more-link\">Continue lendo<span class=\"screen-reader-text\"> &#8220;Envelhecimento Ativo&#8221;<\/span><\/a><\/p>\n","protected":false},"author":1,"featured_media":0,"parent":0,"menu_order":0,"comment_status":"closed","ping_status":"closed","template":"","meta":{"footnotes":""},"class_list":["post-491","page","type-page","status-publish","hentry"],"_links":{"self":[{"href":"https:\/\/angustiasdamaturidade.com.br\/index.php?rest_route=\/wp\/v2\/pages\/491","targetHints":{"allow":["GET"]}}],"collection":[{"href":"https:\/\/angustiasdamaturidade.com.br\/index.php?rest_route=\/wp\/v2\/pages"}],"about":[{"href":"https:\/\/angustiasdamaturidade.com.br\/index.php?rest_route=\/wp\/v2\/types\/page"}],"author":[{"embeddable":true,"href":"https:\/\/angustiasdamaturidade.com.br\/index.php?rest_route=\/wp\/v2\/users\/1"}],"replies":[{"embeddable":true,"href":"https:\/\/angustiasdamaturidade.com.br\/index.php?rest_route=%2Fwp%2Fv2%2Fcomments&post=491"}],"version-history":[{"count":21,"href":"https:\/\/angustiasdamaturidade.com.br\/index.php?rest_route=\/wp\/v2\/pages\/491\/revisions"}],"predecessor-version":[{"id":520,"href":"https:\/\/angustiasdamaturidade.com.br\/index.php?rest_route=\/wp\/v2\/pages\/491\/revisions\/520"}],"wp:attachment":[{"href":"https:\/\/angustiasdamaturidade.com.br\/index.php?rest_route=%2Fwp%2Fv2%2Fmedia&parent=491"}],"curies":[{"name":"wp","href":"https:\/\/api.w.org\/{rel}","templated":true}]}}