{"id":3434,"date":"2025-11-02T09:50:50","date_gmt":"2025-11-02T12:50:50","guid":{"rendered":"https:\/\/angustiasdamaturidade.com.br\/?page_id=3434"},"modified":"2025-11-02T09:51:32","modified_gmt":"2025-11-02T12:51:32","slug":"medicina-do-estilo-de-vida-2","status":"publish","type":"page","link":"https:\/\/angustiasdamaturidade.com.br\/?page_id=3434","title":{"rendered":"Medicina do Estilo de Vida"},"content":{"rendered":"\t\t<div data-elementor-type=\"wp-page\" data-elementor-id=\"3434\" class=\"elementor elementor-3434\">\n\t\t\t\t<div class=\"elementor-element elementor-element-2e1e21a e-flex e-con-boxed e-con e-parent\" data-id=\"2e1e21a\" data-element_type=\"container\" data-e-type=\"container\">\n\t\t\t\t\t<div class=\"e-con-inner\">\n\t\t\t\t<div class=\"elementor-element elementor-element-3abad1a elementor-widget elementor-widget-text-editor\" data-id=\"3abad1a\" data-element_type=\"widget\" data-e-type=\"widget\" data-widget_type=\"text-editor.default\">\n\t\t\t\t<div class=\"elementor-widget-container\">\n\t\t\t\t\t\t\t\t\t<p>A <strong data-start=\"648\" data-end=\"684\">Medicina do Estilo de Vida (MEV)<\/strong> aplica interven\u00e7\u00f5es estruturadas nos h\u00e1bitos cotidianos para <strong data-start=\"746\" data-end=\"764\">reduzir riscos<\/strong>, <strong data-start=\"766\" data-end=\"798\">melhorar marcadores cl\u00ednicos<\/strong> e <strong data-start=\"801\" data-end=\"833\">aumentar a qualidade de vida<\/strong>. Utiliza protocolos validados, metas <strong data-start=\"871\" data-end=\"880\">SMART<\/strong>, monitoramento cont\u00ednuo e trabalho <strong data-start=\"916\" data-end=\"937\">multiprofissional<\/strong>.<\/p>\t\t\t\t\t\t\t\t<\/div>\n\t\t\t\t<\/div>\n\t\t\t\t\t<\/div>\n\t\t\t\t<\/div>\n\t\t\t\t<\/div>\n\t\t","protected":false},"excerpt":{"rendered":"<p>A Medicina do Estilo de Vida (MEV) aplica interven\u00e7\u00f5es estruturadas nos h\u00e1bitos cotidianos para reduzir riscos, melhorar marcadores cl\u00ednicos e aumentar a qualidade de vida. Utiliza protocolos validados, metas SMART, monitoramento cont\u00ednuo e trabalho multiprofissional.<\/p>\n","protected":false},"author":1,"featured_media":0,"parent":0,"menu_order":0,"comment_status":"closed","ping_status":"closed","template":"","meta":{"footnotes":""},"class_list":["post-3434","page","type-page","status-publish","hentry"],"_links":{"self":[{"href":"https:\/\/angustiasdamaturidade.com.br\/index.php?rest_route=\/wp\/v2\/pages\/3434","targetHints":{"allow":["GET"]}}],"collection":[{"href":"https:\/\/angustiasdamaturidade.com.br\/index.php?rest_route=\/wp\/v2\/pages"}],"about":[{"href":"https:\/\/angustiasdamaturidade.com.br\/index.php?rest_route=\/wp\/v2\/types\/page"}],"author":[{"embeddable":true,"href":"https:\/\/angustiasdamaturidade.com.br\/index.php?rest_route=\/wp\/v2\/users\/1"}],"replies":[{"embeddable":true,"href":"https:\/\/angustiasdamaturidade.com.br\/index.php?rest_route=%2Fwp%2Fv2%2Fcomments&post=3434"}],"version-history":[{"count":4,"href":"https:\/\/angustiasdamaturidade.com.br\/index.php?rest_route=\/wp\/v2\/pages\/3434\/revisions"}],"predecessor-version":[{"id":3438,"href":"https:\/\/angustiasdamaturidade.com.br\/index.php?rest_route=\/wp\/v2\/pages\/3434\/revisions\/3438"}],"wp:attachment":[{"href":"https:\/\/angustiasdamaturidade.com.br\/index.php?rest_route=%2Fwp%2Fv2%2Fmedia&parent=3434"}],"curies":[{"name":"wp","href":"https:\/\/api.w.org\/{rel}","templated":true}]}}