{"id":3424,"date":"2025-11-02T08:48:06","date_gmt":"2025-11-02T11:48:06","guid":{"rendered":"https:\/\/angustiasdamaturidade.com.br\/?page_id=3424"},"modified":"2025-11-02T08:50:10","modified_gmt":"2025-11-02T11:50:10","slug":"avaliacao-do-estilo-de-vida-versao-longa","status":"publish","type":"page","link":"https:\/\/angustiasdamaturidade.com.br\/?page_id=3424","title":{"rendered":"Avalia\u00e7\u00e3o do Estilo de Vida (vers\u00e3o longa)"},"content":{"rendered":"\t\t<div data-elementor-type=\"wp-page\" data-elementor-id=\"3424\" class=\"elementor elementor-3424\">\n\t\t\t\t<div class=\"elementor-element elementor-element-b64b7e9 e-flex e-con-boxed e-con e-parent\" data-id=\"b64b7e9\" data-element_type=\"container\" data-e-type=\"container\">\n\t\t\t\t\t<div class=\"e-con-inner\">\n\t\t\t\t<div class=\"elementor-element elementor-element-bb0335f elementor-widget elementor-widget-text-editor\" data-id=\"bb0335f\" data-element_type=\"widget\" data-e-type=\"widget\" data-widget_type=\"text-editor.default\">\n\t\t\t\t<div class=\"elementor-widget-container\">\n\t\t\t\t\t\t\t\t\t<p>Esta \u00e9 uma avalia\u00e7\u00e3o do Estilo de Vida no formato longo que foi adaptada do ACLM (col\u00e9gio americano do estilo de vida) e que nos servir\u00e1 para direcionar nossos trabalhos de aprimoramento do estilo de vida<\/p>\t\t\t\t\t\t\t\t<\/div>\n\t\t\t\t<\/div>\n\t\t\t\t\t<\/div>\n\t\t\t\t<\/div>\n\t\t<div class=\"elementor-element elementor-element-4b16647 e-flex e-con-boxed e-con e-parent\" data-id=\"4b16647\" data-element_type=\"container\" data-e-type=\"container\">\n\t\t\t\t\t<div class=\"e-con-inner\">\n\t\t\t\t<div class=\"elementor-element elementor-element-967e67b elementor-widget elementor-widget-html\" data-id=\"967e67b\" data-element_type=\"widget\" data-e-type=\"widget\" data-widget_type=\"html.default\">\n\t\t\t\t<div class=\"elementor-widget-container\">\n\t\t\t\t\t<script>(function(t,e,s,n){var o,a,c;t.SMCX=t.SMCX||[],e.getElementById(n)||(o=e.getElementsByTagName(s),a=o[o.length-1],c=e.createElement(s),c.type=\"text\/javascript\",c.async=!0,c.id=n,c.src=\"https:\/\/widget.surveymonkey.com\/collect\/website\/js\/tRaiETqnLgj758hTBazgd7m4x6MIGUpmnXQ3ed06AcZL6VuByXE_2BClQk22NHYIOd.js\",a.parentNode.insertBefore(c,a))})(window,document,\"script\",\"smcx-sdk\");<\/script><a style=\"font: 12px Helvetica, sans-serif; color: #999; text-decoration: none;\" href=pt.surveymonkey.com>  <\/a>\t\t\t\t<\/div>\n\t\t\t\t<\/div>\n\t\t\t\t\t<\/div>\n\t\t\t\t<\/div>\n\t\t\t\t<\/div>\n\t\t","protected":false},"excerpt":{"rendered":"<p>Esta \u00e9 uma avalia\u00e7\u00e3o do Estilo de Vida no formato longo que foi adaptada do ACLM (col\u00e9gio americano do estilo de vida) e que nos servir\u00e1 para direcionar nossos trabalhos de aprimoramento do estilo de vida<\/p>\n","protected":false},"author":1,"featured_media":0,"parent":0,"menu_order":0,"comment_status":"closed","ping_status":"closed","template":"","meta":{"footnotes":""},"class_list":["post-3424","page","type-page","status-publish","hentry"],"_links":{"self":[{"href":"https:\/\/angustiasdamaturidade.com.br\/index.php?rest_route=\/wp\/v2\/pages\/3424","targetHints":{"allow":["GET"]}}],"collection":[{"href":"https:\/\/angustiasdamaturidade.com.br\/index.php?rest_route=\/wp\/v2\/pages"}],"about":[{"href":"https:\/\/angustiasdamaturidade.com.br\/index.php?rest_route=\/wp\/v2\/types\/page"}],"author":[{"embeddable":true,"href":"https:\/\/angustiasdamaturidade.com.br\/index.php?rest_route=\/wp\/v2\/users\/1"}],"replies":[{"embeddable":true,"href":"https:\/\/angustiasdamaturidade.com.br\/index.php?rest_route=%2Fwp%2Fv2%2Fcomments&post=3424"}],"version-history":[{"count":4,"href":"https:\/\/angustiasdamaturidade.com.br\/index.php?rest_route=\/wp\/v2\/pages\/3424\/revisions"}],"predecessor-version":[{"id":3428,"href":"https:\/\/angustiasdamaturidade.com.br\/index.php?rest_route=\/wp\/v2\/pages\/3424\/revisions\/3428"}],"wp:attachment":[{"href":"https:\/\/angustiasdamaturidade.com.br\/index.php?rest_route=%2Fwp%2Fv2%2Fmedia&parent=3424"}],"curies":[{"name":"wp","href":"https:\/\/api.w.org\/{rel}","templated":true}]}}