{"id":3283,"date":"2025-10-08T09:48:45","date_gmt":"2025-10-08T12:48:45","guid":{"rendered":"https:\/\/angustiasdamaturidade.com.br\/?page_id=3283"},"modified":"2025-10-30T11:41:16","modified_gmt":"2025-10-30T14:41:16","slug":"avaliacao-do-estilo-de-vida-versao-short","status":"publish","type":"page","link":"https:\/\/angustiasdamaturidade.com.br\/?page_id=3283","title":{"rendered":"Avalia\u00e7\u00e3o do Estilo de Vida (vers\u00e3o short)"},"content":{"rendered":"\t\t<div data-elementor-type=\"wp-page\" data-elementor-id=\"3283\" class=\"elementor elementor-3283\">\n\t\t\t\t<div class=\"elementor-element elementor-element-aac3e05 e-flex e-con-boxed e-con e-parent\" data-id=\"aac3e05\" data-element_type=\"container\" data-e-type=\"container\">\n\t\t\t\t\t<div class=\"e-con-inner\">\n\t\t\t\t<div class=\"elementor-element elementor-element-1f81a56 elementor-widget elementor-widget-text-editor\" data-id=\"1f81a56\" data-element_type=\"widget\" data-e-type=\"widget\" data-widget_type=\"text-editor.default\">\n\t\t\t\t<div class=\"elementor-widget-container\">\n\t\t\t\t\t\t\t\t\t<p><strong>Para iniciarmos um trabalho eficaz de melhora do seu Estilo de Vida e assim obter Longevidade com Qualidade de Vida precisamos conhec\u00ea-lo melhor. Portanto fa\u00e7a o teste abaixo e ap\u00f3s nossa an\u00e1lise voltaremos a falar para criar um programa adequado \u00e0s suas necessidades!<\/strong><\/p>\t\t\t\t\t\t\t\t<\/div>\n\t\t\t\t<\/div>\n\t\t\t\t\t<\/div>\n\t\t\t\t<\/div>\n\t\t<div class=\"elementor-element elementor-element-9030cb1 e-flex e-con-boxed e-con e-parent\" data-id=\"9030cb1\" data-element_type=\"container\" data-e-type=\"container\">\n\t\t\t\t\t<div class=\"e-con-inner\">\n\t\t\t\t<div class=\"elementor-element elementor-element-2f9b155 elementor-widget elementor-widget-html\" data-id=\"2f9b155\" data-element_type=\"widget\" data-e-type=\"widget\" data-widget_type=\"html.default\">\n\t\t\t\t<div class=\"elementor-widget-container\">\n\t\t\t\t\t<script>(function(t,e,s,n){var o,a,c;t.SMCX=t.SMCX||[],e.getElementById(n)||(o=e.getElementsByTagName(s),a=o[o.length-1],c=e.createElement(s),c.type=\"text\/javascript\",c.async=!0,c.id=n,c.src=\"https:\/\/widget.surveymonkey.com\/collect\/website\/js\/tRaiETqnLgj758hTBazgd0PyHhrwQVWOus6P_2BYpKlv35eFmyX_2FgRiB5o2dosRjBG.js\",a.parentNode.insertBefore(c,a))})(window,document,\"script\",\"smcx-sdk\");<\/script><a style=\"font: 12px Helvetica, sans-serif; color: #999; text-decoration: none;\" href=pt.surveymonkey.com> <\/a>\t\t\t\t<\/div>\n\t\t\t\t<\/div>\n\t\t\t\t\t<\/div>\n\t\t\t\t<\/div>\n\t\t\t\t<\/div>\n\t\t","protected":false},"excerpt":{"rendered":"<p>Para iniciarmos um trabalho eficaz de melhora do seu Estilo de Vida e assim obter Longevidade com Qualidade de Vida precisamos conhec\u00ea-lo melhor. Portanto fa\u00e7a o teste abaixo e ap\u00f3s nossa an\u00e1lise voltaremos a falar para criar um programa adequado \u00e0s suas necessidades!<\/p>\n","protected":false},"author":1,"featured_media":0,"parent":0,"menu_order":0,"comment_status":"closed","ping_status":"closed","template":"","meta":{"footnotes":""},"class_list":["post-3283","page","type-page","status-publish","hentry"],"_links":{"self":[{"href":"https:\/\/angustiasdamaturidade.com.br\/index.php?rest_route=\/wp\/v2\/pages\/3283","targetHints":{"allow":["GET"]}}],"collection":[{"href":"https:\/\/angustiasdamaturidade.com.br\/index.php?rest_route=\/wp\/v2\/pages"}],"about":[{"href":"https:\/\/angustiasdamaturidade.com.br\/index.php?rest_route=\/wp\/v2\/types\/page"}],"author":[{"embeddable":true,"href":"https:\/\/angustiasdamaturidade.com.br\/index.php?rest_route=\/wp\/v2\/users\/1"}],"replies":[{"embeddable":true,"href":"https:\/\/angustiasdamaturidade.com.br\/index.php?rest_route=%2Fwp%2Fv2%2Fcomments&post=3283"}],"version-history":[{"count":10,"href":"https:\/\/angustiasdamaturidade.com.br\/index.php?rest_route=\/wp\/v2\/pages\/3283\/revisions"}],"predecessor-version":[{"id":3423,"href":"https:\/\/angustiasdamaturidade.com.br\/index.php?rest_route=\/wp\/v2\/pages\/3283\/revisions\/3423"}],"wp:attachment":[{"href":"https:\/\/angustiasdamaturidade.com.br\/index.php?rest_route=%2Fwp%2Fv2%2Fmedia&parent=3283"}],"curies":[{"name":"wp","href":"https:\/\/api.w.org\/{rel}","templated":true}]}}