{"id":3275,"date":"2025-09-20T15:19:42","date_gmt":"2025-09-20T18:19:42","guid":{"rendered":"https:\/\/angustiasdamaturidade.com.br\/?page_id=3275"},"modified":"2025-09-20T15:22:01","modified_gmt":"2025-09-20T18:22:01","slug":"congresso","status":"publish","type":"page","link":"https:\/\/angustiasdamaturidade.com.br\/?page_id=3275","title":{"rendered":"Congresso"},"content":{"rendered":"\t\t<div data-elementor-type=\"wp-page\" data-elementor-id=\"3275\" class=\"elementor elementor-3275\">\n\t\t\t\t<div class=\"elementor-element elementor-element-982b233 e-flex e-con-boxed e-con e-parent\" data-id=\"982b233\" data-element_type=\"container\" data-e-type=\"container\">\n\t\t\t\t\t<div class=\"e-con-inner\">\n\t\t\t\t<div class=\"elementor-element elementor-element-b595f8f elementor-widget elementor-widget-heading\" data-id=\"b595f8f\" data-element_type=\"widget\" data-e-type=\"widget\" data-widget_type=\"heading.default\">\n\t\t\t\t<div class=\"elementor-widget-container\">\n\t\t\t\t\t<h2 class=\"elementor-heading-title elementor-size-default\">Refer\u00eancias Bibliogr\u00e1ficas<\/h2>\t\t\t\t<\/div>\n\t\t\t\t<\/div>\n\t\t\t\t\t<\/div>\n\t\t\t\t<\/div>\n\t\t<div class=\"elementor-element elementor-element-435e7a4 e-flex e-con-boxed e-con e-parent\" data-id=\"435e7a4\" data-element_type=\"container\" data-e-type=\"container\">\n\t\t\t\t\t<div class=\"e-con-inner\">\n\t\t\t\t<div class=\"elementor-element elementor-element-6da8794 elementor-widget elementor-widget-text-editor\" data-id=\"6da8794\" data-element_type=\"widget\" data-e-type=\"widget\" data-widget_type=\"text-editor.default\">\n\t\t\t\t<div class=\"elementor-widget-container\">\n\t\t\t\t\t\t\t\t\t<p data-start=\"358\" data-end=\"563\">Este trabalho est\u00e1 fundamentado em uma base te\u00f3rica e cient\u00edfica que integra psican\u00e1lise de grupos, an\u00e1lise do comportamento e medicina do estilo de vida. Abaixo, listamos as principais obras utilizadas:<\/p><ol data-start=\"565\" data-end=\"1702\"><li data-start=\"565\" data-end=\"700\"><p data-start=\"568\" data-end=\"700\">Volich RM, Ferraz FC, Azevedo MAA, orgs. <em data-start=\"609\" data-end=\"654\">Psicossoma II: psicossom\u00e1tica psicanal\u00edtica<\/em>. 2\u00aa ed. S\u00e3o Paulo: Casa do Psic\u00f3logo; 2007.<\/p><\/li><li data-start=\"701\" data-end=\"824\"><p data-start=\"704\" data-end=\"824\">Volich RM, Ferraz FC, Rann\u00e3 W, orgs. <em data-start=\"741\" data-end=\"785\">Psicossoma IV: corpo, hist\u00f3ria, pensamento<\/em>. S\u00e3o Paulo: Casa do Psic\u00f3logo; 2008.<\/p><\/li><li data-start=\"825\" data-end=\"952\"><p data-start=\"828\" data-end=\"952\">Williams MH, ed. <em data-start=\"845\" data-end=\"896\">Collected papers of Martha Harris and Esther Bick<\/em>. London: Karnac Books\/The Harris Meltzer Trust; 2011.<\/p><\/li><li data-start=\"953\" data-end=\"1125\"><p data-start=\"956\" data-end=\"1125\">Cytrynbaum S, Noumair DA, eds. <em data-start=\"987\" data-end=\"1082\">Group relations reader 3: group dynamics, organizational irrationality, and social complexity<\/em>. Jupiter, FL: A.K. Rice Institute; 2004.<\/p><\/li><li data-start=\"1126\" data-end=\"1280\"><p data-start=\"1129\" data-end=\"1280\">Kets de Vries MFR, Korotov K, Florent-Treacy E. <em data-start=\"1177\" data-end=\"1248\">Experi\u00eancias e t\u00e9cnicas de coaching: a forma\u00e7\u00e3o de l\u00edderes na pr\u00e1tica<\/em>. Porto Alegre: Bookman; 2009.<\/p><\/li><li data-start=\"1281\" data-end=\"1355\"><p data-start=\"1284\" data-end=\"1355\">Skinner BF. <em data-start=\"1296\" data-end=\"1324\">Science and human behavior<\/em>. New York: Free Press; 1953.<\/p><\/li><li data-start=\"1356\" data-end=\"1434\"><p data-start=\"1359\" data-end=\"1434\">Neri AL. <em data-start=\"1368\" data-end=\"1400\">Palavras-chave em gerontologia<\/em>. 4\u00aa ed. Campinas: Alinea; 2014.<\/p><\/li><li data-start=\"1435\" data-end=\"1559\"><p data-start=\"1438\" data-end=\"1559\">Danila AH, ed. <em data-start=\"1453\" data-end=\"1533\">Medicina do estilo de vida: evid\u00eancias e pr\u00e1ticas para a sa\u00fade f\u00edsica e mental<\/em>. Barueri: Manole; 2025.<\/p><\/li><li data-start=\"1560\" data-end=\"1702\"><p data-start=\"1563\" data-end=\"1702\">World Health Organization. <em data-start=\"1590\" data-end=\"1680\">WHOQOL-BREF: Introduction, administration, scoring and generic version of the assessment<\/em>. Geneva: WHO; 1996.<\/p><\/li><\/ol>\t\t\t\t\t\t\t\t<\/div>\n\t\t\t\t<\/div>\n\t\t\t\t\t<\/div>\n\t\t\t\t<\/div>\n\t\t\t\t<\/div>\n\t\t","protected":false},"excerpt":{"rendered":"<p>Refer\u00eancias Bibliogr\u00e1ficas Este trabalho est\u00e1 fundamentado em uma base te\u00f3rica e cient\u00edfica que integra psican\u00e1lise de grupos, an\u00e1lise do comportamento e medicina do estilo de vida. Abaixo, listamos as principais obras utilizadas: Volich RM, Ferraz FC, Azevedo MAA, orgs. Psicossoma II: psicossom\u00e1tica psicanal\u00edtica. 2\u00aa ed. S\u00e3o Paulo: Casa do Psic\u00f3logo; 2007. Volich RM, Ferraz FC, &hellip; <\/p>\n<p class=\"link-more\"><a href=\"https:\/\/angustiasdamaturidade.com.br\/?page_id=3275\" class=\"more-link\">Continue lendo<span class=\"screen-reader-text\"> &#8220;Congresso&#8221;<\/span><\/a><\/p>\n","protected":false},"author":1,"featured_media":0,"parent":0,"menu_order":0,"comment_status":"closed","ping_status":"closed","template":"","meta":{"footnotes":""},"class_list":["post-3275","page","type-page","status-publish","hentry"],"_links":{"self":[{"href":"https:\/\/angustiasdamaturidade.com.br\/index.php?rest_route=\/wp\/v2\/pages\/3275","targetHints":{"allow":["GET"]}}],"collection":[{"href":"https:\/\/angustiasdamaturidade.com.br\/index.php?rest_route=\/wp\/v2\/pages"}],"about":[{"href":"https:\/\/angustiasdamaturidade.com.br\/index.php?rest_route=\/wp\/v2\/types\/page"}],"author":[{"embeddable":true,"href":"https:\/\/angustiasdamaturidade.com.br\/index.php?rest_route=\/wp\/v2\/users\/1"}],"replies":[{"embeddable":true,"href":"https:\/\/angustiasdamaturidade.com.br\/index.php?rest_route=%2Fwp%2Fv2%2Fcomments&post=3275"}],"version-history":[{"count":4,"href":"https:\/\/angustiasdamaturidade.com.br\/index.php?rest_route=\/wp\/v2\/pages\/3275\/revisions"}],"predecessor-version":[{"id":3279,"href":"https:\/\/angustiasdamaturidade.com.br\/index.php?rest_route=\/wp\/v2\/pages\/3275\/revisions\/3279"}],"wp:attachment":[{"href":"https:\/\/angustiasdamaturidade.com.br\/index.php?rest_route=%2Fwp%2Fv2%2Fmedia&parent=3275"}],"curies":[{"name":"wp","href":"https:\/\/api.w.org\/{rel}","templated":true}]}}