{"id":311,"date":"2021-03-04T22:22:55","date_gmt":"2021-03-05T01:22:55","guid":{"rendered":"http:\/\/angustiasdamaturidade.com.br\/?page_id=311"},"modified":"2022-10-25T15:15:12","modified_gmt":"2022-10-25T18:15:12","slug":"home","status":"publish","type":"page","link":"https:\/\/angustiasdamaturidade.com.br\/","title":{"rendered":"Home"},"content":{"rendered":"\t\t<div data-elementor-type=\"wp-page\" data-elementor-id=\"311\" class=\"elementor elementor-311\">\n\t\t\t\t\t\t<section class=\"elementor-section elementor-top-section elementor-element elementor-element-919329b elementor-section-boxed elementor-section-height-default elementor-section-height-default\" data-id=\"919329b\" data-element_type=\"section\" data-e-type=\"section\">\n\t\t\t\t\t\t<div class=\"elementor-container elementor-column-gap-default\">\n\t\t\t\t\t<div class=\"elementor-column elementor-col-100 elementor-top-column elementor-element elementor-element-e6477c6\" data-id=\"e6477c6\" data-element_type=\"column\" data-e-type=\"column\">\n\t\t\t<div class=\"elementor-widget-wrap elementor-element-populated\">\n\t\t\t\t\t\t<div class=\"elementor-element elementor-element-8b98bb6 elementor-widget elementor-widget-heading\" data-id=\"8b98bb6\" data-element_type=\"widget\" data-e-type=\"widget\" data-widget_type=\"heading.default\">\n\t\t\t\t<div class=\"elementor-widget-container\">\n\t\t\t\t\t<h2 class=\"elementor-heading-title elementor-size-default\">Descubra a magn\u00edfica hist\u00f3ria por tr\u00e1s do nosso projeto<\/h2>\t\t\t\t<\/div>\n\t\t\t\t<\/div>\n\t\t\t\t\t<\/div>\n\t\t<\/div>\n\t\t\t\t\t<\/div>\n\t\t<\/section>\n\t\t\t\t<section class=\"elementor-section elementor-top-section elementor-element elementor-element-621146e9 elementor-section-boxed elementor-section-height-default elementor-section-height-default\" data-id=\"621146e9\" data-element_type=\"section\" data-e-type=\"section\">\n\t\t\t\t\t\t<div class=\"elementor-container elementor-column-gap-default\">\n\t\t\t\t\t<div class=\"elementor-column elementor-col-100 elementor-top-column elementor-element elementor-element-5ec4c9a3\" data-id=\"5ec4c9a3\" data-element_type=\"column\" data-e-type=\"column\">\n\t\t\t<div class=\"elementor-widget-wrap elementor-element-populated\">\n\t\t\t\t\t\t<div class=\"elementor-element elementor-element-6bad680e elementor-widget elementor-widget-text-editor\" data-id=\"6bad680e\" data-element_type=\"widget\" data-e-type=\"widget\" data-widget_type=\"text-editor.default\">\n\t\t\t\t<div class=\"elementor-widget-container\">\n\t\t\t\t\t\t\t\t\t<p><\/p>\n<section class=\"wp-block-uagb-section uagb-section__wrap uagb-section__background-image uagb-block-2066f9fc\">\n<div class=\"uagb-section__inner-wrap\">\n<section class=\"wp-block-uagb-section uagb-section__wrap uagb-section__background-undefined uagb-block-99053c13\">\n<div class=\"uagb-section__inner-wrap\">\n<div class=\"wp-block-uagb-info-box uagb-infobox__outer-wrap uagb-block-f21a20eb\">\n<div class=\"uagb-infobox__content-wrap uagb-infobox uagb-infobox-has-icon uagb-infobox-icon-above-title uagb-infobox-image-valign-top uagb-infobox-enable-border-radius \">\n<div class=\"uagb-ifb-left-right-wrap\">\n<div class=\"uagb-ifb-content\">\n<div class=\"uagb-ifb-text-wrap\">\n<p class=\"uagb-ifb-desc\">Esse grupo foi criado a partir da minha percep\u00e7\u00e3o nos encontros di\u00e1rios com meus amigos durante o passeio com o meu c\u00e3o. Ao encontr\u00e1-los fui percebendo como as conversas sempre levavam a quest\u00f5es importantes e geradoras de ang\u00fastias. Quest\u00f5es do tipo, estou velho sem trabalho e nenhuma empresa quer me contratar, estou doente, n\u00e3o aguento mais essa vida sem gra\u00e7a, j\u00e1 n\u00e3o consigo fazer as coisas que antigamente eram f\u00e1ceis para mim e muito mais situa\u00e7\u00f5es que faziam a vida perder gra\u00e7a. Ao me deparar com tudo isso percebi a necessidade de criar um ambiente pr\u00f3spero e feliz para essas pessoas mais maduras. Com o tempo fui percebendo que n\u00e3o apenas os idosos carregam essa carga de ang\u00fastias mas todos os serem vivos. Sim, seres vivos porque precisamos dessa energia positiva ou negativa para vivermos, nossa puls\u00e3o de vida. Ent\u00e3o a quest\u00e3o \u00e9 outra, como lidar com tudo isso e \u00e9 a\u00ed que entramos. Queremos agregar pessoas interessadas em melhorar suas rela\u00e7\u00f5es com a vida. As ang\u00fastias acontecem o tempo todo, independente de idade e poder lidar com elas \u00e9 a melhor maneira de se sentir inclu\u00eddo e capaz em qualquer situa\u00e7\u00e3o que a vida coloque \u00e0 nossa frente. Estaremos atentos \u00e0s necessidades de todos e portanto a colabora\u00e7\u00e3o ativa com ideias e sugest\u00f5es se faz necess\u00e1ria. Participem!!!<\/p>\n<\/div>\n<\/div>\n<\/div>\n<\/div>\n<\/div>\n<p><\/p>\n<p><\/p>\n<div class=\"wp-block-uagb-buttons uagb-buttons__outer-wrap uagb-block-c494a9c9\">\n<div class=\"uagb-buttons__wrap uagb-buttons-layout-wrap\">\n<p><\/p>\n<div class=\"wp-block-uagb-buttons-child uagb-buttons__outer-wrap uagb-block-39e34372\">\n<div class=\"uagb-button__wrapper\">\n<p>\u00a0<\/p>\n<div class=\"uagb-button__link\">\u00a0<\/div>\n<p>\u00a0<\/p>\n<\/div>\n<\/div>\n<p><\/p>\n<\/div>\n<\/div>\n<p><\/p>\n<\/div>\n<\/section>\n<p><!-- \/wp:uagb\/section --><\/p>\n<p><!-- wp:paragraph --><\/p>\n<p><!-- \/wp:paragraph --><\/p>\n<\/div>\n<\/section>\n<p><!-- \/wp:uagb\/section --><\/p>\t\t\t\t\t\t\t\t<\/div>\n\t\t\t\t<\/div>\n\t\t\t\t\t<\/div>\n\t\t<\/div>\n\t\t\t\t\t<\/div>\n\t\t<\/section>\n\t\t\t\t<\/div>\n\t\t","protected":false},"excerpt":{"rendered":"<p>Descubra a magn\u00edfica hist\u00f3ria por tr\u00e1s do nosso projeto<\/p>\n","protected":false},"author":1,"featured_media":0,"parent":0,"menu_order":0,"comment_status":"closed","ping_status":"closed","template":"","meta":{"footnotes":""},"class_list":["post-311","page","type-page","status-publish","hentry"],"_links":{"self":[{"href":"https:\/\/angustiasdamaturidade.com.br\/index.php?rest_route=\/wp\/v2\/pages\/311","targetHints":{"allow":["GET"]}}],"collection":[{"href":"https:\/\/angustiasdamaturidade.com.br\/index.php?rest_route=\/wp\/v2\/pages"}],"about":[{"href":"https:\/\/angustiasdamaturidade.com.br\/index.php?rest_route=\/wp\/v2\/types\/page"}],"author":[{"embeddable":true,"href":"https:\/\/angustiasdamaturidade.com.br\/index.php?rest_route=\/wp\/v2\/users\/1"}],"replies":[{"embeddable":true,"href":"https:\/\/angustiasdamaturidade.com.br\/index.php?rest_route=%2Fwp%2Fv2%2Fcomments&post=311"}],"version-history":[{"count":285,"href":"https:\/\/angustiasdamaturidade.com.br\/index.php?rest_route=\/wp\/v2\/pages\/311\/revisions"}],"predecessor-version":[{"id":2085,"href":"https:\/\/angustiasdamaturidade.com.br\/index.php?rest_route=\/wp\/v2\/pages\/311\/revisions\/2085"}],"wp:attachment":[{"href":"https:\/\/angustiasdamaturidade.com.br\/index.php?rest_route=%2Fwp%2Fv2%2Fmedia&parent=311"}],"curies":[{"name":"wp","href":"https:\/\/api.w.org\/{rel}","templated":true}]}}