{"id":3005,"date":"2024-05-13T09:23:45","date_gmt":"2024-05-13T12:23:45","guid":{"rendered":"https:\/\/angustiasdamaturidade.com.br\/?page_id=3005"},"modified":"2024-05-13T11:47:06","modified_gmt":"2024-05-13T14:47:06","slug":"politicas-e-diretrizes-eticas","status":"publish","type":"page","link":"https:\/\/angustiasdamaturidade.com.br\/?page_id=3005","title":{"rendered":"Pol\u00edticas e Diretrizes \u00c9ticas"},"content":{"rendered":"\t\t<div data-elementor-type=\"wp-page\" data-elementor-id=\"3005\" class=\"elementor elementor-3005\">\n\t\t\t\t<div class=\"elementor-element elementor-element-19d2edc e-flex e-con-boxed e-con e-parent\" data-id=\"19d2edc\" data-element_type=\"container\" data-e-type=\"container\">\n\t\t\t\t\t<div class=\"e-con-inner\">\n\t\t\t\t<div class=\"elementor-element elementor-element-007f8a5 elementor-widget elementor-widget-text-editor\" data-id=\"007f8a5\" data-element_type=\"widget\" data-e-type=\"widget\" data-widget_type=\"text-editor.default\">\n\t\t\t\t<div class=\"elementor-widget-container\">\n\t\t\t\t\t\t\t\t\t<h3 style=\"text-align: center;\">\u00a0<\/h3><p>Bem-vindo \u00e0 p\u00e1gina de Pol\u00edticas e Diretrizes \u00c9ticas. Todo o conte\u00fado apresentado nesta p\u00e1gina \u00e9 elaborado por mim e revisado com o m\u00e1ximo cuidado. As informa\u00e7\u00f5es contidas aqui s\u00e3o obtidas atrav\u00e9s de uma variedade de fontes, incluindo estudos acad\u00eamicos, publica\u00e7\u00f5es da ONU (Organiza\u00e7\u00e3o das Na\u00e7\u00f5es Unidas), da OMS (Organiza\u00e7\u00e3o Mundial da Sa\u00fade) e outras organiza\u00e7\u00f5es respeitadas internacionalmente.<\/p><p>Al\u00e9m disso, ajusto todo o conte\u00fado com os meus conhecimentos profissionais, os quais podem ser encontrados nos seguintes links:<\/p><p><a href=\"https:\/\/www.linkedin.com\/in\/thomasperlaky\/\">LinkedIn<\/a><\/p><p><a href=\"https:\/\/www.tpconsultoria.com.br\">TPConsultoria<\/a>\u00a0<\/p><p><a href=\"http:\/\/www.escutapsicanalitica.com.br\">EscutaPsicanal\u00edtica<\/a><\/p><p><a href=\"http:\/\/www.escoladoidoso.com.br\">Escola do Idoso<\/a><\/p><p><a href=\"http:\/\/www.angustiasdamaturidade.com.br\">Ang\u00fastias da Maturidade<\/a>\u00a0<\/p><p><a href=\"https:\/\/www.instagram.com\/thomasperlaky\/\">Instagram<\/a><\/p><p><a href=\"http:\/\/www.facebook.com\/thomas.perlaky\">Facebook<\/a><\/p><p>\u00c9 importante salientar que, enquanto utilizo a Intelig\u00eancia Artificial para complementar e organizar dados, todo o conte\u00fado \u00e9 tratado e finalizado por mim, com o objetivo de garantir a precis\u00e3o, relev\u00e2ncia e integridade das informa\u00e7\u00f5es apresentadas. Este compromisso reflete os valores \u00e9ticos e profissionais que guiam este site.<\/p><p>Se voc\u00ea tiver alguma d\u00favida ou preocupa\u00e7\u00e3o sobre as informa\u00e7\u00f5es apresentadas nesta p\u00e1gina, n\u00e3o hesite em entrar em contato. A transpar\u00eancia e a responsabilidade s\u00e3o fundamentais para manter a integridade deste espa\u00e7o.<\/p><p>Obrigado por sua confian\u00e7a e interesse em nossas pol\u00edticas e diretrizes \u00e9ticas.<\/p>\t\t\t\t\t\t\t\t<\/div>\n\t\t\t\t<\/div>\n\t\t\t\t\t<\/div>\n\t\t\t\t<\/div>\n\t\t<div class=\"elementor-element elementor-element-31ac907 e-flex e-con-boxed e-con e-parent\" data-id=\"31ac907\" data-element_type=\"container\" data-e-type=\"container\">\n\t\t\t\t\t<div class=\"e-con-inner\">\n\t\t\t\t<div class=\"elementor-element elementor-element-645364e elementor-widget elementor-widget-heading\" data-id=\"645364e\" data-element_type=\"widget\" data-e-type=\"widget\" data-widget_type=\"heading.default\">\n\t\t\t\t<div class=\"elementor-widget-container\">\n\t\t\t\t\t<h2 class=\"elementor-heading-title elementor-size-default\">Diversidade e Inclus\u00e3o<\/h2>\t\t\t\t<\/div>\n\t\t\t\t<\/div>\n\t\t\t\t\t<\/div>\n\t\t\t\t<\/div>\n\t\t<div class=\"elementor-element elementor-element-6f51525 e-flex e-con-boxed e-con e-parent\" data-id=\"6f51525\" data-element_type=\"container\" data-e-type=\"container\">\n\t\t\t\t\t<div class=\"e-con-inner\">\n\t\t<div class=\"elementor-element elementor-element-3ddab86 e-con-full e-flex e-con e-child\" data-id=\"3ddab86\" data-element_type=\"container\" data-e-type=\"container\">\n\t\t\t\t<div class=\"elementor-element elementor-element-088ef96 elementor-widget elementor-widget-image\" data-id=\"088ef96\" data-element_type=\"widget\" data-e-type=\"widget\" data-widget_type=\"image.default\">\n\t\t\t\t<div class=\"elementor-widget-container\">\n\t\t\t\t\t\t\t\t\t\t\t\t\t\t\t<img fetchpriority=\"high\" decoding=\"async\" width=\"300\" height=\"168\" src=\"https:\/\/angustiasdamaturidade.com.br\/wp-content\/uploads\/2024\/05\/diversidade-e-inclusao.jpeg\" class=\"attachment-large size-large wp-image-3031\" alt=\"\" sizes=\"100vw\" \/>\t\t\t\t\t\t\t\t\t\t\t\t\t\t\t<\/div>\n\t\t\t\t<\/div>\n\t\t\t\t<\/div>\n\t\t<div class=\"elementor-element elementor-element-e34d6f6 e-con-full e-flex e-con e-child\" data-id=\"e34d6f6\" data-element_type=\"container\" data-e-type=\"container\">\n\t\t\t\t<div class=\"elementor-element elementor-element-58e219b elementor-widget elementor-widget-text-editor\" data-id=\"58e219b\" data-element_type=\"widget\" data-e-type=\"widget\" data-widget_type=\"text-editor.default\">\n\t\t\t\t<div class=\"elementor-widget-container\">\n\t\t\t\t\t\t\t\t\t<p style=\"text-align: center;\"><strong>Respeito \u00e0 Diversidade e Inclus\u00e3o<\/strong><\/p><p>Nossa pol\u00edtica \u00e9 fundamentada no respeito e na valoriza\u00e7\u00e3o da diversidade em todas as suas formas. Acreditamos que cada indiv\u00edduo, independentemente de idade, sexo, ra\u00e7a, orienta\u00e7\u00e3o sexual, identidade de g\u00eanero, origem \u00e9tnica, religi\u00e3o, ou qualquer outra caracter\u00edstica, merece ser tratado com dignidade e respeito.<\/p><p>Estamos comprometidos em criar um ambiente inclusivo e acolhedor, onde todas as pessoas se sintam seguras e respeitadas. Isso se reflete em todas as nossas intera\u00e7\u00f5es, decis\u00f5es e pr\u00e1ticas, tanto dentro quanto fora da nossa organiza\u00e7\u00e3o.<\/p><p>Entendemos que a diversidade enriquece nossa comunidade e promove o crescimento pessoal e profissional de cada indiv\u00edduo. Estamos empenhados em combater qualquer forma de discrimina\u00e7\u00e3o, preconceito ou exclus\u00e3o, e em promover a igualdade de oportunidades para todos.<\/p><p>Nosso compromisso com o respeito \u00e0 diversidade \u00e9 parte integrante de nossos valores \u00e9ticos e profissionais. Continuaremos a trabalhar ativamente para criar um ambiente onde todos se sintam valorizados, respeitados e celebrados por quem s\u00e3o.<\/p><p>\u00a0<\/p>\t\t\t\t\t\t\t\t<\/div>\n\t\t\t\t<\/div>\n\t\t\t\t<\/div>\n\t\t\t\t\t<\/div>\n\t\t\t\t<\/div>\n\t\t<div class=\"elementor-element elementor-element-01f198d e-flex e-con-boxed e-con e-parent\" data-id=\"01f198d\" data-element_type=\"container\" data-e-type=\"container\">\n\t\t\t\t\t<div class=\"e-con-inner\">\n\t\t\t\t<div class=\"elementor-element elementor-element-a827123 elementor-widget elementor-widget-text-editor\" data-id=\"a827123\" data-element_type=\"widget\" data-e-type=\"widget\" data-widget_type=\"text-editor.default\">\n\t\t\t\t<div class=\"elementor-widget-container\">\n\t\t\t\t\t\t\t\t\t<h3 style=\"text-align: center;\"><span style=\"color: #000080;\"><strong>Pol\u00edtica de Privacidade de Dados<\/strong><\/span><\/h3>\t\t\t\t\t\t\t\t<\/div>\n\t\t\t\t<\/div>\n\t\t\t\t\t<\/div>\n\t\t\t\t<\/div>\n\t\t<div class=\"elementor-element elementor-element-4a9f90a e-flex e-con-boxed e-con e-parent\" data-id=\"4a9f90a\" data-element_type=\"container\" data-e-type=\"container\">\n\t\t\t\t\t<div class=\"e-con-inner\">\n\t\t\t\t<div class=\"elementor-element elementor-element-8c248a9 elementor-widget elementor-widget-text-editor\" data-id=\"8c248a9\" data-element_type=\"widget\" data-e-type=\"widget\" data-widget_type=\"text-editor.default\">\n\t\t\t\t<div class=\"elementor-widget-container\">\n\t\t\t\t\t\t\t\t\t<p><\/p>\n<p>O Angustias da Maturidade leva a sua privacidade a s\u00e9rio. Esta Pol\u00edtica de Privacidade descreve como coletamos, usamos e protegemos as informa\u00e7\u00f5es que voc\u00ea nos fornece quando realiza um cadastro ou finaliza uma compra em nosso site.<\/p>\n<p>Cadastro:<\/p>\n<p>Ao realizar um cadastro em nosso site, solicitamos informa\u00e7\u00f5es pessoais, como nome, endere\u00e7o de e-mail, endere\u00e7o f\u00edsico, n\u00famero de telefone, entre outros, para criar e manter sua conta de usu\u00e1rio. Essas informa\u00e7\u00f5es s\u00e3o utilizadas para personalizar sua experi\u00eancia de compra e de acompanhamento da sua evolu\u00e7\u00e3o nos programas de Qualidade de Vida, enviar atualiza\u00e7\u00f5es sobre seus pedidos e responder \u00e0s suas solicita\u00e7\u00f5es de suporte.<\/p>\n<p>*Dados de Finaliza\u00e7\u00e3o da Compra:<\/p>\n<p>Durante o processo de finaliza\u00e7\u00e3o da compra, coletamos informa\u00e7\u00f5es adicionais necess\u00e1rias para processar seu pedido, como detalhes de pagamento, endere\u00e7o de entrega e detalhes do produto. Essas informa\u00e7\u00f5es s\u00e3o usadas exclusivamente para concluir e entregar seu pedido com seguran\u00e7a e efici\u00eancia.<\/p>\n<p>Seguran\u00e7a dos Dados:<\/p>\n<p>Todas as informa\u00e7\u00f5es fornecidas s\u00e3o armazenadas em um ambiente seguro e s\u00e3o protegidas por medidas de seguran\u00e7a f\u00edsica, eletr\u00f4nica e procedimental para garantir a confidencialidade e integridade dos seus dados.<\/p>\n<p>Uso de Cookies:<\/p>\n<p>Nosso site pode utilizar cookies para melhorar a sua experi\u00eancia de navega\u00e7\u00e3o e oferecer funcionalidades personalizadas. Voc\u00ea pode controlar o uso de cookies atrav\u00e9s das configura\u00e7\u00f5es do seu navegador.<\/p>\n<p>Compartilhamento de Informa\u00e7\u00f5es:<\/p>\n<p>N\u00e3o compartilhamos suas informa\u00e7\u00f5es pessoais com terceiros, exceto quando necess\u00e1rio para processar seu pedido ou conforme exigido por lei.<\/p>\n<p>Ao utilizar nosso site, voc\u00ea concorda com a coleta e uso das suas informa\u00e7\u00f5es pessoais conforme descrito nesta Pol\u00edtica de Privacidade. Reservamo-nos o direito de atualizar ou modificar esta pol\u00edtica a qualquer momento, por isso recomendamos que voc\u00ea revise periodicamente.<\/p>\n<p>Se tiver alguma d\u00favida ou preocupa\u00e7\u00e3o sobre nossa Pol\u00edtica de Privacidade, entre em contato conosco atrav\u00e9s do nosso <a href=\"contato@angustiasdamaturidade.com.br\">email de contato<\/a> disponibilizados em nosso site.<\/p>\n<p>Obrigado por confiar em n\u00f3s para cuidar de suas informa\u00e7\u00f5es pessoais de forma \u00e9tica e respons\u00e1vel.&nbsp;<\/p>\t\t\t\t\t\t\t\t<\/div>\n\t\t\t\t<\/div>\n\t\t\t\t\t<\/div>\n\t\t\t\t<\/div>\n\t\t\t\t<\/div>\n\t\t","protected":false},"excerpt":{"rendered":"<p>\u00a0 Bem-vindo \u00e0 p\u00e1gina de Pol\u00edticas e Diretrizes \u00c9ticas. Todo o conte\u00fado apresentado nesta p\u00e1gina \u00e9 elaborado por mim e revisado com o m\u00e1ximo cuidado. As informa\u00e7\u00f5es contidas aqui s\u00e3o obtidas atrav\u00e9s de uma variedade de fontes, incluindo estudos acad\u00eamicos, publica\u00e7\u00f5es da ONU (Organiza\u00e7\u00e3o das Na\u00e7\u00f5es Unidas), da OMS (Organiza\u00e7\u00e3o Mundial da Sa\u00fade) e outras &hellip; <\/p>\n<p class=\"link-more\"><a href=\"https:\/\/angustiasdamaturidade.com.br\/?page_id=3005\" class=\"more-link\">Continue lendo<span class=\"screen-reader-text\"> &#8220;Pol\u00edticas e Diretrizes \u00c9ticas&#8221;<\/span><\/a><\/p>\n","protected":false},"author":1,"featured_media":0,"parent":0,"menu_order":0,"comment_status":"closed","ping_status":"closed","template":"","meta":{"footnotes":""},"class_list":["post-3005","page","type-page","status-publish","hentry"],"_links":{"self":[{"href":"https:\/\/angustiasdamaturidade.com.br\/index.php?rest_route=\/wp\/v2\/pages\/3005","targetHints":{"allow":["GET"]}}],"collection":[{"href":"https:\/\/angustiasdamaturidade.com.br\/index.php?rest_route=\/wp\/v2\/pages"}],"about":[{"href":"https:\/\/angustiasdamaturidade.com.br\/index.php?rest_route=\/wp\/v2\/types\/page"}],"author":[{"embeddable":true,"href":"https:\/\/angustiasdamaturidade.com.br\/index.php?rest_route=\/wp\/v2\/users\/1"}],"replies":[{"embeddable":true,"href":"https:\/\/angustiasdamaturidade.com.br\/index.php?rest_route=%2Fwp%2Fv2%2Fcomments&post=3005"}],"version-history":[{"count":31,"href":"https:\/\/angustiasdamaturidade.com.br\/index.php?rest_route=\/wp\/v2\/pages\/3005\/revisions"}],"predecessor-version":[{"id":3074,"href":"https:\/\/angustiasdamaturidade.com.br\/index.php?rest_route=\/wp\/v2\/pages\/3005\/revisions\/3074"}],"wp:attachment":[{"href":"https:\/\/angustiasdamaturidade.com.br\/index.php?rest_route=%2Fwp%2Fv2%2Fmedia&parent=3005"}],"curies":[{"name":"wp","href":"https:\/\/api.w.org\/{rel}","templated":true}]}}