{"id":2986,"date":"2024-05-13T08:55:39","date_gmt":"2024-05-13T11:55:39","guid":{"rendered":"https:\/\/angustiasdamaturidade.com.br\/?page_id=2986"},"modified":"2024-05-15T08:19:51","modified_gmt":"2024-05-15T11:19:51","slug":"falando-sobre-etarismo-e-qualidade-de-vida","status":"publish","type":"page","link":"https:\/\/angustiasdamaturidade.com.br\/?page_id=2986","title":{"rendered":"Falando sobre Etarismo e Qualidade de Vida"},"content":{"rendered":"\t\t<div data-elementor-type=\"wp-page\" data-elementor-id=\"2986\" class=\"elementor elementor-2986\">\n\t\t\t\t<div class=\"elementor-element elementor-element-1c17218 e-flex e-con-boxed e-con e-parent\" data-id=\"1c17218\" data-element_type=\"container\" data-e-type=\"container\">\n\t\t\t\t\t<div class=\"e-con-inner\">\n\t\t<div class=\"elementor-element elementor-element-723881c e-con-full e-flex e-con e-child\" data-id=\"723881c\" data-element_type=\"container\" data-e-type=\"container\">\n\t\t\t\t<div class=\"elementor-element elementor-element-3778406 elementor-widget elementor-widget-text-editor\" data-id=\"3778406\" data-element_type=\"widget\" data-e-type=\"widget\" data-widget_type=\"text-editor.default\">\n\t\t\t\t<div class=\"elementor-widget-container\">\n\t\t\t\t\t\t\t\t\t<p>\u00a0<\/p><p style=\"text-align: left;\"><span style=\"color: #ff0000;\"><em><strong>Voc\u00ea j\u00e1 imaginou como seria a vida de algu\u00e9m que \u00e9 rejeitado por um grupo simplesmente por ter uma idade diferente?<\/strong><\/em><\/span><\/p><p>\u00a0<\/p>\t\t\t\t\t\t\t\t<\/div>\n\t\t\t\t<\/div>\n\t\t\t\t<\/div>\n\t\t<div class=\"elementor-element elementor-element-a6acfd9 e-con-full e-flex e-con e-child\" data-id=\"a6acfd9\" data-element_type=\"container\" data-e-type=\"container\">\n\t\t\t\t<div class=\"elementor-element elementor-element-a090699 elementor-widget elementor-widget-image\" data-id=\"a090699\" data-element_type=\"widget\" data-e-type=\"widget\" data-widget_type=\"image.default\">\n\t\t\t\t<div class=\"elementor-widget-container\">\n\t\t\t\t\t\t\t\t\t\t\t\t\t\t\t<img fetchpriority=\"high\" decoding=\"async\" width=\"264\" height=\"191\" src=\"https:\/\/angustiasdamaturidade.com.br\/wp-content\/uploads\/2024\/05\/etarismo-e-QV.jpeg\" class=\"attachment-large size-large wp-image-2991\" alt=\"\" sizes=\"100vw\" \/>\t\t\t\t\t\t\t\t\t\t\t\t\t\t\t<\/div>\n\t\t\t\t<\/div>\n\t\t\t\t<\/div>\n\t\t\t\t\t<\/div>\n\t\t\t\t<\/div>\n\t\t<div class=\"elementor-element elementor-element-63b67cd e-flex e-con-boxed e-con e-parent\" data-id=\"63b67cd\" data-element_type=\"container\" data-e-type=\"container\">\n\t\t\t\t\t<div class=\"e-con-inner\">\n\t\t\t\t<div class=\"elementor-element elementor-element-4aefb2e elementor-widget elementor-widget-text-editor\" data-id=\"4aefb2e\" data-element_type=\"widget\" data-e-type=\"widget\" data-widget_type=\"text-editor.default\">\n\t\t\t\t<div class=\"elementor-widget-container\">\n\t\t\t\t\t\t\t\t\t<p><em><strong>Voc\u00ea j\u00e1 imaginou como seria a vida de algu\u00e9m que \u00e9 rejeitado por um grupo simplesmente por ter uma idade diferente?<\/strong><\/em><\/p><p><em><strong>O etarismo, infelizmente, \u00e9 uma realidade que afeta muitas pessoas em diferentes est\u00e1gios da vida. Vai al\u00e9m das percep\u00e7\u00f5es sobre os idosos e se estende a todas as faixas et\u00e1rias, influenciando como sentimos, agimos e pensamos em rela\u00e7\u00e3o a outras pessoas com base em sua idade.<\/strong><\/em><\/p><p><em><strong>Uma abordagem eficaz para combater o etarismo \u00e9 promover uma compreens\u00e3o mais ampla e inclusiva da qualidade de vida, conforme preconizado pela Organiza\u00e7\u00e3o Mundial da Sa\u00fade (OMS).<\/strong><\/em><\/p><p><em><strong>1. Sa\u00fade F\u00edsica e Mental, incluindo Nutri\u00e7\u00e3o Adequada:<\/strong><\/em><br \/><em><strong>Promover h\u00e1bitos saud\u00e1veis de vida, acesso a cuidados m\u00e9dicos de qualidade e uma nutri\u00e7\u00e3o adequada s\u00e3o essenciais para todas as idades. Uma alimenta\u00e7\u00e3o balanceada e nutritiva desempenha um papel crucial na promo\u00e7\u00e3o da sa\u00fade e na preven\u00e7\u00e3o de doen\u00e7as, contribuindo para uma vida mais saud\u00e1vel e energ\u00e9tica. Al\u00e9m disso, a sa\u00fade mental \u00e9 igualmente importante. Reflete-se na forma como somos vistos, em nossas capacidades de realizar atividades e como podemos lidar com as diferen\u00e7as, olhando de maneira natural para o fato.<\/strong><\/em><\/p><p><em><strong>2. Bem-Estar Emocional:<\/strong><\/em><br \/><em><strong>A promo\u00e7\u00e3o do bem-estar emocional atrav\u00e9s do apoio psicol\u00f3gico, da educa\u00e7\u00e3o emocional e do est\u00edmulo a relacionamentos saud\u00e1veis pode ajudar a combater o isolamento social e os estigmas relacionados \u00e0 idade.<\/strong><\/em><\/p><p><em><strong>3. Relacionamentos Interpessoais:<\/strong><\/em><br \/><em><strong>Ao encorajar a intera\u00e7\u00e3o social entre diferentes faixas et\u00e1rias e promover o respeito m\u00fatuo, podemos reduzir os estere\u00f3tipos e preconceitos associados ao envelhecimento e a outras fases da vida.<\/strong><\/em><\/p><p><em><strong>4. Realiza\u00e7\u00e3o Pessoal e Profissional:<\/strong><\/em><br \/><em><strong>Oferecer oportunidades educacionais, de emprego e de participa\u00e7\u00e3o na comunidade para todas as idades promove uma sociedade mais inclusiva e valoriza as contribui\u00e7\u00f5es de indiv\u00edduos de todas as faixas et\u00e1rias.<\/strong><\/em><\/p><p><em><strong>Um exemplo inspirador \u00e9 o meu projeto, no qual j\u00e1 percorri o Caminho de Santiago duas vezes de bicicleta (900km em 12 dias aos 70 anos) e agora irei enfrentar as montanhas do Tour de France. Ao me preocupar com minha Qualidade de Vida, encontrei uma nova paix\u00e3o e tive a oportunidade de desafiar estere\u00f3tipos, mostrando que a idade n\u00e3o define nossos limites.<\/strong><\/em><\/p><p><em><strong>Se voc\u00ea ou sua empresa querem reduzir o Etarismo, um \u00f3timo caminho \u00e9 criar programas de melhoria da Qualidade de Vida. Ao promover uma abordagem hol\u00edstica da Qualidade de Vida, podemos desafiar as atitudes prejudiciais associadas ao etarismo e construir uma sociedade mais justa e equitativa para todas as idades.<\/strong><\/em><\/p>\t\t\t\t\t\t\t\t<\/div>\n\t\t\t\t<\/div>\n\t\t\t\t\t<\/div>\n\t\t\t\t<\/div>\n\t\t<div class=\"elementor-element elementor-element-3b70e93 e-flex e-con-boxed e-con e-parent\" data-id=\"3b70e93\" data-element_type=\"container\" data-e-type=\"container\">\n\t\t\t\t\t<div class=\"e-con-inner\">\n\t\t\t\t<div class=\"elementor-element elementor-element-90744fe elementor-widget elementor-widget-image\" data-id=\"90744fe\" data-element_type=\"widget\" data-e-type=\"widget\" data-widget_type=\"image.default\">\n\t\t\t\t<div class=\"elementor-widget-container\">\n\t\t\t\t\t\t\t\t\t\t\t\t\t\t\t<img decoding=\"async\" width=\"740\" height=\"494\" src=\"https:\/\/angustiasdamaturidade.com.br\/wp-content\/uploads\/2024\/05\/pit-bull-1024x683.jpeg\" class=\"attachment-large size-large wp-image-3162\" alt=\"\" srcset=\"https:\/\/angustiasdamaturidade.com.br\/wp-content\/uploads\/2024\/05\/pit-bull-1024x683.jpeg 1024w, https:\/\/angustiasdamaturidade.com.br\/wp-content\/uploads\/2024\/05\/pit-bull-300x200.jpeg 300w, https:\/\/angustiasdamaturidade.com.br\/wp-content\/uploads\/2024\/05\/pit-bull-768x512.jpeg 768w, https:\/\/angustiasdamaturidade.com.br\/wp-content\/uploads\/2024\/05\/pit-bull-350x234.jpeg 350w, https:\/\/angustiasdamaturidade.com.br\/wp-content\/uploads\/2024\/05\/pit-bull.jpeg 1151w\" sizes=\"100vw\" \/>\t\t\t\t\t\t\t\t\t\t\t\t\t\t\t<\/div>\n\t\t\t\t<\/div>\n\t\t\t\t\t<\/div>\n\t\t\t\t<\/div>\n\t\t<div class=\"elementor-element elementor-element-4c9cb72 e-flex e-con-boxed e-con e-parent\" data-id=\"4c9cb72\" data-element_type=\"container\" data-e-type=\"container\">\n\t\t\t\t\t<div class=\"e-con-inner\">\n\t\t<div class=\"elementor-element elementor-element-7af0adf e-con-full e-flex e-con e-child\" data-id=\"7af0adf\" data-element_type=\"container\" data-e-type=\"container\">\n\t\t\t\t<div class=\"elementor-element elementor-element-f07c595 elementor-widget elementor-widget-text-editor\" data-id=\"f07c595\" data-element_type=\"widget\" data-e-type=\"widget\" data-widget_type=\"text-editor.default\">\n\t\t\t\t<div class=\"elementor-widget-container\">\n\t\t\t\t\t\t\t\t\t<p style=\"text-align: center;\"><strong>S\u00edndrome do Pitbull<\/strong><\/p><p style=\"text-align: center;\"><strong>Postado no linkedin 15\/05\/2024<\/strong><\/p>\t\t\t\t\t\t\t\t<\/div>\n\t\t\t\t<\/div>\n\t\t\t\t<\/div>\n\t\t<div class=\"elementor-element elementor-element-a75ef92 e-con-full e-flex e-con e-child\" data-id=\"a75ef92\" data-element_type=\"container\" data-e-type=\"container\">\n\t\t\t\t<div class=\"elementor-element elementor-element-cf33db8 elementor-widget elementor-widget-text-editor\" data-id=\"cf33db8\" data-element_type=\"widget\" data-e-type=\"widget\" data-widget_type=\"text-editor.default\">\n\t\t\t\t<div class=\"elementor-widget-container\">\n\t\t\t\t\t\t\t\t\t<p>S\u00edndrome do Pit Bull: Como o Preconceito Profissional Afeta os Mais Velhos<\/p><p>Em muitos ambientes profissionais, uma triste realidade se manifesta: a S\u00edndrome do Pit Bull. Assim como as pessoas tendem a se afastar de pit bulls devido a estere\u00f3tipos infundados, os trabalhadores mais velhos enfrentam o mesmo tipo de discrimina\u00e7\u00e3o no mercado de trabalho.<\/p><p>A S\u00edndrome do Pit Bull se manifesta quando os empregadores e colegas de trabalho assumem que os profissionais mais velhos s\u00e3o menos capazes, menos adapt\u00e1veis e mais propensos a problemas de sa\u00fade. Esse preconceito resulta em oportunidades negadas, promo\u00e7\u00f5es negligenciadas e at\u00e9 mesmo demiss\u00f5es injustas para aqueles que t\u00eam anos de experi\u00eancia e conhecimento valioso para oferecer.<\/p><p>Assim como os pit bulls s\u00e3o v\u00edtimas de estere\u00f3tipos baseados em sua ra\u00e7a, os trabalhadores mais velhos s\u00e3o frequentemente estereotipados com base em sua idade. No entanto, assim como os pit bulls podem ser animais de estima\u00e7\u00e3o amorosos e leais quando tratados adequadamente, os profissionais mais velhos podem ser recursos inestim\u00e1veis para suas equipes e organiza\u00e7\u00f5es quando lhes \u00e9 dado o devido reconhecimento e oportunidade.<\/p><p>Combater a S\u00edndrome do Pit Bull requer uma mudan\u00e7a de mentalidade e uma abordagem mais inclusiva no local de trabalho. Empresas e l\u00edderes precisam reconhecer e valorizar a experi\u00eancia e sabedoria dos trabalhadores mais velhos, proporcionando oportunidades de desenvolvimento profissional e garantindo que pol\u00edticas de idade n\u00e3o discriminat\u00f3rias sejam implementadas. A integra\u00e7\u00e3o entre faixas et\u00e1rias promove a otimiza\u00e7\u00e3o dos esfor\u00e7os, encontrando o melhor de cada um e ensinando a lidar com o que pode ser melhorado em cada um. Reuni\u00f5es que envolvem diversos grupos et\u00e1rios ajudam a uniformizar a cultura organizacional, permitindo uma troca rica de conhecimentos e perspectivas.<\/p><p>Da mesma forma como a educa\u00e7\u00e3o sobre o comportamento canino e a responsabilidade dos propriet\u00e1rios pode ajudar a desconstruir estere\u00f3tipos sobre os pit bulls, a conscientiza\u00e7\u00e3o sobre os benef\u00edcios da diversidade geracional e a valoriza\u00e7\u00e3o de profissionais mais experientes podem ajudar a superar a S\u00edndrome do Pit Bull no ambiente de trabalho. Juntos, podemos criar ambientes profissionais mais inclusivos, onde todos os talentos s\u00e3o reconhecidos e valorizados, independentemente da idade<\/p>\t\t\t\t\t\t\t\t<\/div>\n\t\t\t\t<\/div>\n\t\t\t\t<\/div>\n\t\t\t\t\t<\/div>\n\t\t\t\t<\/div>\n\t\t\t\t<\/div>\n\t\t","protected":false},"excerpt":{"rendered":"<p>\u00a0 Voc\u00ea j\u00e1 imaginou como seria a vida de algu\u00e9m que \u00e9 rejeitado por um grupo simplesmente por ter uma idade diferente? \u00a0 Voc\u00ea j\u00e1 imaginou como seria a vida de algu\u00e9m que \u00e9 rejeitado por um grupo simplesmente por ter uma idade diferente? O etarismo, infelizmente, \u00e9 uma realidade que afeta muitas pessoas em &hellip; <\/p>\n<p class=\"link-more\"><a href=\"https:\/\/angustiasdamaturidade.com.br\/?page_id=2986\" class=\"more-link\">Continue lendo<span class=\"screen-reader-text\"> &#8220;Falando sobre Etarismo e Qualidade de Vida&#8221;<\/span><\/a><\/p>\n","protected":false},"author":1,"featured_media":0,"parent":0,"menu_order":0,"comment_status":"closed","ping_status":"closed","template":"","meta":{"footnotes":""},"class_list":["post-2986","page","type-page","status-publish","hentry"],"_links":{"self":[{"href":"https:\/\/angustiasdamaturidade.com.br\/index.php?rest_route=\/wp\/v2\/pages\/2986","targetHints":{"allow":["GET"]}}],"collection":[{"href":"https:\/\/angustiasdamaturidade.com.br\/index.php?rest_route=\/wp\/v2\/pages"}],"about":[{"href":"https:\/\/angustiasdamaturidade.com.br\/index.php?rest_route=\/wp\/v2\/types\/page"}],"author":[{"embeddable":true,"href":"https:\/\/angustiasdamaturidade.com.br\/index.php?rest_route=\/wp\/v2\/users\/1"}],"replies":[{"embeddable":true,"href":"https:\/\/angustiasdamaturidade.com.br\/index.php?rest_route=%2Fwp%2Fv2%2Fcomments&post=2986"}],"version-history":[{"count":22,"href":"https:\/\/angustiasdamaturidade.com.br\/index.php?rest_route=\/wp\/v2\/pages\/2986\/revisions"}],"predecessor-version":[{"id":3168,"href":"https:\/\/angustiasdamaturidade.com.br\/index.php?rest_route=\/wp\/v2\/pages\/2986\/revisions\/3168"}],"wp:attachment":[{"href":"https:\/\/angustiasdamaturidade.com.br\/index.php?rest_route=%2Fwp%2Fv2%2Fmedia&parent=2986"}],"curies":[{"name":"wp","href":"https:\/\/api.w.org\/{rel}","templated":true}]}}