{"id":2920,"date":"2024-05-08T07:50:54","date_gmt":"2024-05-08T10:50:54","guid":{"rendered":"https:\/\/angustiasdamaturidade.com.br\/?page_id=2920"},"modified":"2024-05-13T09:51:12","modified_gmt":"2024-05-13T12:51:12","slug":"qualidade-de-vida-2","status":"publish","type":"page","link":"https:\/\/angustiasdamaturidade.com.br\/?page_id=2920","title":{"rendered":"Programa de Qualidade de Vida"},"content":{"rendered":"\t\t<div data-elementor-type=\"wp-page\" data-elementor-id=\"2920\" class=\"elementor elementor-2920\">\n\t\t\t\t<div class=\"elementor-element elementor-element-c8b4fe2 e-flex e-con-boxed e-con e-parent\" data-id=\"c8b4fe2\" data-element_type=\"container\" data-e-type=\"container\">\n\t\t\t\t\t<div class=\"e-con-inner\">\n\t\t<div class=\"elementor-element elementor-element-a86050d e-con-full e-flex e-con e-child\" data-id=\"a86050d\" data-element_type=\"container\" data-e-type=\"container\">\n\t\t\t\t<div class=\"elementor-element elementor-element-800e039 elementor-widget elementor-widget-text-editor\" data-id=\"800e039\" data-element_type=\"widget\" data-e-type=\"widget\" data-widget_type=\"text-editor.default\">\n\t\t\t\t<div class=\"elementor-widget-container\">\n\t\t\t\t\t\t\t\t\t<p>\u00a0<\/p><p style=\"text-align: center;\"><strong>Cogni\u00e7\u00e3o\/Mem\u00f3ria<\/strong><\/p>\t\t\t\t\t\t\t\t<\/div>\n\t\t\t\t<\/div>\n\t\t\t\t<\/div>\n\t\t<div class=\"elementor-element elementor-element-a0a7a58 e-con-full e-flex e-con e-child\" data-id=\"a0a7a58\" data-element_type=\"container\" data-e-type=\"container\">\n\t\t\t\t<div class=\"elementor-element elementor-element-8da6d5f elementor-widget elementor-widget-image\" data-id=\"8da6d5f\" data-element_type=\"widget\" data-e-type=\"widget\" data-widget_type=\"image.default\">\n\t\t\t\t<div class=\"elementor-widget-container\">\n\t\t\t\t\t\t\t\t\t\t\t\t\t\t\t<img fetchpriority=\"high\" decoding=\"async\" width=\"300\" height=\"168\" src=\"https:\/\/angustiasdamaturidade.com.br\/wp-content\/uploads\/2024\/05\/Cognicao.jpeg\" class=\"attachment-large size-large wp-image-2971\" alt=\"\" sizes=\"100vw\" \/>\t\t\t\t\t\t\t\t\t\t\t\t\t\t\t<\/div>\n\t\t\t\t<\/div>\n\t\t\t\t<\/div>\n\t\t\t\t\t<\/div>\n\t\t\t\t<\/div>\n\t\t<div class=\"elementor-element elementor-element-b922610 e-flex e-con-boxed e-con e-parent\" data-id=\"b922610\" data-element_type=\"container\" data-e-type=\"container\">\n\t\t\t\t\t<div class=\"e-con-inner\">\n\t\t\t\t<div class=\"elementor-element elementor-element-6286fd6 elementor-widget elementor-widget-text-editor\" data-id=\"6286fd6\" data-element_type=\"widget\" data-e-type=\"widget\" data-widget_type=\"text-editor.default\">\n\t\t\t\t<div class=\"elementor-widget-container\">\n\t\t\t\t\t\t\t\t\t<p><strong>Exerc\u00edcios Cognitivos: Mantendo a Mente Afiada<\/strong><\/p><p><strong>Manter a mente ativa \u00e9 t\u00e3o importante quanto cuidar do corpo. Assim como exerc\u00edcios f\u00edsicos fortalecem os m\u00fasculos, os exerc\u00edcios cognitivos s\u00e3o essenciais para manter a agilidade mental e preservar a sa\u00fade cerebral.<\/strong><\/p><p><strong>Por que os exerc\u00edcios cognitivos s\u00e3o importantes?<\/strong><\/p><p><strong>Os exerc\u00edcios cognitivos ajudam a fortalecer diferentes \u00e1reas do c\u00e9rebro, incluindo a mem\u00f3ria, aten\u00e7\u00e3o, concentra\u00e7\u00e3o e racioc\u00ednio. Manter a mente ativa ao longo da vida pode reduzir o risco de decl\u00ednio cognitivo e doen\u00e7as como dem\u00eancia e Alzheimer.<\/strong><\/p><p><strong>Exemplos de Exerc\u00edcios Cognitivos:<\/strong><\/p><p><strong>Jogos de Mem\u00f3ria: Jogos de cartas, quebra-cabe\u00e7as, palavras cruzadas e sudoku s\u00e3o excelentes para desafiar e fortalecer a mem\u00f3ria.<\/strong><br \/><strong>Aprendizado de Novas Habilidades:\u00a0 Aprender algo novo, seja um idioma, um instrumento musical ou uma nova habilidade, estimula o c\u00e9rebro e cria novas conex\u00f5es neurais.<\/strong><br \/><strong>&#8211; **Atividades Criativas:** Pintura, desenho, escrita e outras atividades criativas desafiam a mente e incentivam a express\u00e3o individual.<\/strong><br \/><strong>&#8211; **Exerc\u00edcios de L\u00f3gica:** Resolver problemas de l\u00f3gica, como enigmas e quebra-cabe\u00e7as, mant\u00e9m a mente afiada e melhora o racioc\u00ednio.<\/strong><br \/><strong>&#8211; **Recita\u00e7\u00e3o e Relembran\u00e7a:** Praticar a recita\u00e7\u00e3o de eventos passados, como listar os nomes de pessoas que voc\u00ea conheceu recentemente, fortalece a mem\u00f3ria epis\u00f3dica.<\/strong><\/p><p><strong>**Hoje \u00e9 o Dia de Exercitar a Mem\u00f3ria!**<\/strong><\/p>\t\t\t\t\t\t\t\t<\/div>\n\t\t\t\t<\/div>\n\t\t\t\t\t<\/div>\n\t\t\t\t<\/div>\n\t\t<div class=\"elementor-element elementor-element-431fda9 e-flex e-con-boxed e-con e-parent\" data-id=\"431fda9\" data-element_type=\"container\" data-e-type=\"container\">\n\t\t\t\t\t<div class=\"e-con-inner\">\n\t\t\t\t<div class=\"elementor-element elementor-element-8d5461e elementor-widget elementor-widget-text-editor\" data-id=\"8d5461e\" data-element_type=\"widget\" data-e-type=\"widget\" data-widget_type=\"text-editor.default\">\n\t\t\t\t<div class=\"elementor-widget-container\">\n\t\t\t\t\t\t\t\t\t<p><strong>**Exerc\u00edcio Cognitivo: Repeti\u00e7\u00e3o de Texto**<\/strong><\/p><p><strong>Este exerc\u00edcio \u00e9 projetado para fortalecer sua mem\u00f3ria, concentra\u00e7\u00e3o e habilidades de recupera\u00e7\u00e3o de informa\u00e7\u00f5es. Siga estas etapas simples:<\/strong><\/p><p><strong>1. Leia o texto abaixo com aten\u00e7\u00e3o.<\/strong><br \/><strong>2. Ap\u00f3s a leitura, feche os olhos e tente repetir as duas primeiras linhas do texto da melhor forma poss\u00edvel.<\/strong><br \/><strong>3. Abra os olhos e verifique se sua repeti\u00e7\u00e3o est\u00e1 correta. Lembre-se, n\u00e3o \u00e9 necess\u00e1rio que todas as palavras estejam perfeitas, mas \u00e9 importante capturar o significado geral do texto.<\/strong><br \/><strong>4. Repita o processo, lendo o texto novamente e repetindo uma parte maior a cada vez, at\u00e9 chegar ao final do texto.<\/strong><\/p>\t\t\t\t\t\t\t\t<\/div>\n\t\t\t\t<\/div>\n\t\t\t\t\t<\/div>\n\t\t\t\t<\/div>\n\t\t<div class=\"elementor-element elementor-element-cab756f e-flex e-con-boxed e-con e-parent\" data-id=\"cab756f\" data-element_type=\"container\" data-e-type=\"container\">\n\t\t\t\t\t<div class=\"e-con-inner\">\n\t\t\t\t<div class=\"elementor-element elementor-element-94c6446 elementor-widget elementor-widget-heading\" data-id=\"94c6446\" data-element_type=\"widget\" data-e-type=\"widget\" data-widget_type=\"heading.default\">\n\t\t\t\t<div class=\"elementor-widget-container\">\n\t\t\t\t\t<h4 class=\"elementor-heading-title elementor-size-default\">Leia o texto abaixo com aten\u00e7\u00e3o, lembre-se que o exerc\u00edcio n\u00e3o exige que todas as palavras sejam memorizadas mas o seu contexto geral. O texto al\u00e9m de ser um exerc\u00edcio \u00e9, tamb\u00e9m, educativo no sentido de esclarecer conceitos da Qualidade de Vida x Longevidade, aproveitem!!!<\/h4>\t\t\t\t<\/div>\n\t\t\t\t<\/div>\n\t\t\t\t\t<\/div>\n\t\t\t\t<\/div>\n\t\t<div class=\"elementor-element elementor-element-d003297 e-flex e-con-boxed e-con e-parent\" data-id=\"d003297\" data-element_type=\"container\" data-e-type=\"container\">\n\t\t\t\t\t<div class=\"e-con-inner\">\n\t\t\t\t<div class=\"elementor-element elementor-element-33ab316 elementor-widget elementor-widget-text-editor\" data-id=\"33ab316\" data-element_type=\"widget\" data-e-type=\"widget\" data-widget_type=\"text-editor.default\">\n\t\t\t\t<div class=\"elementor-widget-container\">\n\t\t\t\t\t\t\t\t\t<p><em><strong>A qualidade de vida, conforme definida pela Organiza\u00e7\u00e3o Mundial da Sa\u00fade (OMS), \u00e9 um conceito amplo que engloba diversos aspectos que influenciam o bem-estar f\u00edsico, mental, social e a longevidade de uma pessoa. A OMS identifica quatro dom\u00ednios principais que contribuem para a qualidade de vida de um indiv\u00edduo:<\/strong><\/em><\/p><p><em><strong>1. **Aspecto F\u00edsico:** Este dom\u00ednio refere-se \u00e0 sa\u00fade f\u00edsica e ao funcionamento do corpo. Inclui aspectos como a capacidade funcional, a presen\u00e7a de dor e desconforto, a sa\u00fade geral e o sono adequado.<\/strong><\/em><\/p><p><em><strong>2. **Aspecto Psicol\u00f3gico:** Envolve a sa\u00fade mental e emocional, abrangendo aspectos como sentimentos positivos e negativos, autoestima, autoaceita\u00e7\u00e3o, pensamentos e percep\u00e7\u00f5es de estresse.<\/strong><\/em><\/p><p><em><strong>3. **Rela\u00e7\u00f5es Sociais:** Este dom\u00ednio se concentra nas intera\u00e7\u00f5es sociais do indiv\u00edduo, incluindo relacionamentos pessoais, apoio social, redes de suporte e intera\u00e7\u00f5es sociais positivas.<\/strong><\/em><\/p><p><em><strong>4. **Ambiente:** Refere-se ao ambiente f\u00edsico e social em que uma pessoa vive, incluindo condi\u00e7\u00f5es de moradia, seguran\u00e7a, acesso a servi\u00e7os de sa\u00fade, educa\u00e7\u00e3o, lazer, qualidade do ar e polui\u00e7\u00e3o sonora.<\/strong><\/em><\/p><p><em><strong>Cada um desses aspectos interage de forma complexa para determinar a qualidade de vida e a longevidade de uma pessoa. Promover a qualidade de vida envolve melhorar esses diferentes dom\u00ednios, garantindo condi\u00e7\u00f5es que permitam \u00e0s pessoas viver uma vida plena, satisfat\u00f3ria e duradoura em todos os aspectos.<\/strong><\/em><\/p>\t\t\t\t\t\t\t\t<\/div>\n\t\t\t\t<\/div>\n\t\t\t\t\t<\/div>\n\t\t\t\t<\/div>\n\t\t<div class=\"elementor-element elementor-element-a5f4514 e-flex e-con-boxed e-con e-parent\" data-id=\"a5f4514\" data-element_type=\"container\" data-e-type=\"container\">\n\t\t\t\t\t<div class=\"e-con-inner\">\n\t\t\t\t<div class=\"elementor-element elementor-element-e61b1c0 elementor-widget elementor-widget-text-editor\" data-id=\"e61b1c0\" data-element_type=\"widget\" data-e-type=\"widget\" data-widget_type=\"text-editor.default\">\n\t\t\t\t<div class=\"elementor-widget-container\">\n\t\t\t\t\t\t\t\t\t<p><strong>Depois de ter feito a atividade por favor responda as perguntas abaixo<\/strong><\/p>\t\t\t\t\t\t\t\t<\/div>\n\t\t\t\t<\/div>\n\t\t\t\t\t<\/div>\n\t\t\t\t<\/div>\n\t\t<div class=\"elementor-element elementor-element-33a13d6 e-flex e-con-boxed e-con e-parent\" data-id=\"33a13d6\" data-element_type=\"container\" data-e-type=\"container\">\n\t\t\t\t\t<div class=\"e-con-inner\">\n\t\t\t\t<div class=\"elementor-element elementor-element-e545e8f elementor-widget elementor-widget-html\" data-id=\"e545e8f\" data-element_type=\"widget\" data-e-type=\"widget\" data-widget_type=\"html.default\">\n\t\t\t\t<div class=\"elementor-widget-container\">\n\t\t\t\t\t<script>(function(t,e,s,n){var o,a,c;t.SMCX=t.SMCX||[],e.getElementById(n)||(o=e.getElementsByTagName(s),a=o[o.length-1],c=e.createElement(s),c.type=\"text\/javascript\",c.async=!0,c.id=n,c.src=\"https:\/\/widget.surveymonkey.com\/collect\/website\/js\/tRaiETqnLgj758hTBazgd3_2BXcYOjeT0nQveQqTtD0W5AwO3JBCFh9Lx5QQoLfGX_2B.js\",a.parentNode.insertBefore(c,a))})(window,document,\"script\",\"smcx-sdk\");<\/script><a style=\"font: 12px Helvetica, sans-serif; color: #999; text-decoration: none;\" href=pt.surveymonkey.com> Crie seu pr\u00f3prio question\u00e1rio de feedback de usu\u00e1rio <\/a>\t\t\t\t<\/div>\n\t\t\t\t<\/div>\n\t\t\t\t\t<\/div>\n\t\t\t\t<\/div>\n\t\t<div class=\"elementor-element elementor-element-3bb5cad e-flex e-con-boxed e-con e-parent\" data-id=\"3bb5cad\" data-element_type=\"container\" data-e-type=\"container\">\n\t\t\t\t\t<div class=\"e-con-inner\">\n\t\t<div class=\"elementor-element elementor-element-8ecdec3 e-con-full e-flex e-con e-child\" data-id=\"8ecdec3\" data-element_type=\"container\" data-e-type=\"container\">\n\t\t\t\t<div class=\"elementor-element elementor-element-7890bff elementor-widget elementor-widget-text-editor\" data-id=\"7890bff\" data-element_type=\"widget\" data-e-type=\"widget\" data-widget_type=\"text-editor.default\">\n\t\t\t\t<div class=\"elementor-widget-container\">\n\t\t\t\t\t\t\t\t\t<p style=\"text-align: center;\"><strong>13 de maio de 2024<\/strong><\/p><p style=\"text-align: center;\"><strong>Exerc\u00edcio e Socializa\u00e7\u00e3o<\/strong><\/p>\t\t\t\t\t\t\t\t<\/div>\n\t\t\t\t<\/div>\n\t\t\t\t<\/div>\n\t\t<div class=\"elementor-element elementor-element-f09f348 e-con-full e-flex e-con e-child\" data-id=\"f09f348\" data-element_type=\"container\" data-e-type=\"container\">\n\t\t\t\t<div class=\"elementor-element elementor-element-37c7a28 elementor-widget elementor-widget-image\" data-id=\"37c7a28\" data-element_type=\"widget\" data-e-type=\"widget\" data-widget_type=\"image.default\">\n\t\t\t\t<div class=\"elementor-widget-container\">\n\t\t\t\t\t\t\t\t\t\t\t\t\t\t\t<img decoding=\"async\" width=\"275\" height=\"183\" src=\"https:\/\/angustiasdamaturidade.com.br\/wp-content\/uploads\/2024\/05\/caminhando.jpeg\" class=\"attachment-large size-large wp-image-2981\" alt=\"\" sizes=\"100vw\" \/>\t\t\t\t\t\t\t\t\t\t\t\t\t\t\t<\/div>\n\t\t\t\t<\/div>\n\t\t\t\t<\/div>\n\t\t\t\t\t<\/div>\n\t\t\t\t<\/div>\n\t\t<div class=\"elementor-element elementor-element-2a82024 e-flex e-con-boxed e-con e-parent\" data-id=\"2a82024\" data-element_type=\"container\" data-e-type=\"container\">\n\t\t\t\t\t<div class=\"e-con-inner\">\n\t\t\t\t<div class=\"elementor-element elementor-element-cb74f56 elementor-widget elementor-widget-text-editor\" data-id=\"cb74f56\" data-element_type=\"widget\" data-e-type=\"widget\" data-widget_type=\"text-editor.default\">\n\t\t\t\t<div class=\"elementor-widget-container\">\n\t\t\t\t\t\t\t\t\t<p><img decoding=\"async\" draggable=\"false\" role=\"img\" class=\"emoji\" alt=\"\ud83d\udeb6\u200d\u2640\ufe0f\" src=\"https:\/\/s.w.org\/images\/core\/emoji\/14.0.0\/svg\/1f6b6-200d-2640-fe0f.svg\"><img decoding=\"async\" draggable=\"false\" role=\"img\" class=\"emoji\" alt=\"\ud83d\udcac\" src=\"https:\/\/s.w.org\/images\/core\/emoji\/14.0.0\/svg\/1f4ac.svg\"> Aumentando a Qualidade de Vida: Caminhada + Socializa\u00e7\u00e3o! <img decoding=\"async\" draggable=\"false\" role=\"img\" class=\"emoji\" alt=\"\ud83d\udcac\" src=\"https:\/\/s.w.org\/images\/core\/emoji\/14.0.0\/svg\/1f4ac.svg\"><img decoding=\"async\" draggable=\"false\" role=\"img\" class=\"emoji\" alt=\"\ud83d\udeb6\u200d\u2642\ufe0f\" src=\"https:\/\/s.w.org\/images\/core\/emoji\/14.0.0\/svg\/1f6b6-200d-2642-fe0f.svg\"><\/p>\n<p>Hoje vamos falar sobre como podemos combinar exerc\u00edcio f\u00edsico com socializa\u00e7\u00e3o para melhorar nossa qualidade de vida! <img decoding=\"async\" draggable=\"false\" role=\"img\" class=\"emoji\" alt=\"\ud83d\ude0a\" src=\"https:\/\/s.w.org\/images\/core\/emoji\/14.0.0\/svg\/1f60a.svg\"><\/p>\n<p>Antes de come\u00e7armos, lembre-se sempre de que qualquer exerc\u00edcio f\u00edsico sugerido deve ser feito caso voc\u00ea tenha condi\u00e7\u00f5es f\u00edsicas saud\u00e1veis ou seja permitido caminhar ao menos 15 minutos di\u00e1rios. Vamos l\u00e1!<\/p>\n<p>Se voc\u00ea n\u00e3o pratica exerc\u00edcios regularmente, uma \u00f3tima maneira de come\u00e7ar \u00e9 com uma simples caminhada de 15 minutos. Convide um amigo(a) para se juntar a voc\u00ea, e enquanto caminham, aproveitem para trocar ideias e amenidades. <img decoding=\"async\" draggable=\"false\" role=\"img\" class=\"emoji\" alt=\"\ud83d\udeb6\u200d\u2640\ufe0f\" src=\"https:\/\/s.w.org\/images\/core\/emoji\/14.0.0\/svg\/1f6b6-200d-2640-fe0f.svg\"><img decoding=\"async\" draggable=\"false\" role=\"img\" class=\"emoji\" alt=\"\ud83d\udeb6\u200d\u2642\ufe0f\" src=\"https:\/\/s.w.org\/images\/core\/emoji\/14.0.0\/svg\/1f6b6-200d-2642-fe0f.svg\"><img decoding=\"async\" draggable=\"false\" role=\"img\" class=\"emoji\" alt=\"\ud83d\udcac\" src=\"https:\/\/s.w.org\/images\/core\/emoji\/14.0.0\/svg\/1f4ac.svg\"><\/p>\n<p>O exerc\u00edcio f\u00edsico \u00e9 um dos pilares da Qualidade de Vida, e a socializa\u00e7\u00e3o \u00e9 outro ponto crucial. Ao unir os dois, voc\u00ea n\u00e3o s\u00f3 cuida do seu corpo, mas tamb\u00e9m nutre sua mente e suas rela\u00e7\u00f5es interpessoais. <img decoding=\"async\" draggable=\"false\" role=\"img\" class=\"emoji\" alt=\"\ud83d\udcaa\" src=\"https:\/\/s.w.org\/images\/core\/emoji\/14.0.0\/svg\/1f4aa.svg\"><img decoding=\"async\" draggable=\"false\" role=\"img\" class=\"emoji\" alt=\"\u2764\ufe0f\" src=\"https:\/\/s.w.org\/images\/core\/emoji\/14.0.0\/svg\/2764.svg\"><\/p>\n<p>Ao entender os benef\u00edcios dessas atividades e se conscientizar de seu valor, voc\u00ea estar\u00e1 ressignificando sua abordagem ao exerc\u00edcio e \u00e0 socializa\u00e7\u00e3o. E o resultado? Um ganho potencial muito maior em termos de sa\u00fade e bem-estar! <img decoding=\"async\" draggable=\"false\" role=\"img\" class=\"emoji\" alt=\"\ud83c\udf1f\" src=\"https:\/\/s.w.org\/images\/core\/emoji\/14.0.0\/svg\/1f31f.svg\"><\/p>\n<p>Interessado em avaliar sua Qualidade de Vida e acompanhar os resultados? Voc\u00ea pode fazer o teste aqui em&nbsp; <a href=\"https:\/\/angustiasdamaturidade.com.br\/teste-qualidade-de-vida\/\">angustiasdamaturidade.com.br\/teste-qualidade-de-vida\/<\/a> Lembre-se de que a avalia\u00e7\u00e3o completa tem um custo.<\/p>\n<p>Ent\u00e3o, que tal dar o primeiro passo hoje mesmo? Chame um amigo, saia para uma caminhada e aproveitem juntos os benef\u00edcios da atividade f\u00edsica e da socializa\u00e7\u00e3o! <img decoding=\"async\" draggable=\"false\" role=\"img\" class=\"emoji\" alt=\"\ud83d\udcab\" src=\"https:\/\/s.w.org\/images\/core\/emoji\/14.0.0\/svg\/1f4ab.svg\"><\/p>\t\t\t\t\t\t\t\t<\/div>\n\t\t\t\t<\/div>\n\t\t\t\t\t<\/div>\n\t\t\t\t<\/div>\n\t\t\t\t<\/div>\n\t\t","protected":false},"excerpt":{"rendered":"<p>\u00a0 Cogni\u00e7\u00e3o\/Mem\u00f3ria Exerc\u00edcios Cognitivos: Mantendo a Mente Afiada Manter a mente ativa \u00e9 t\u00e3o importante quanto cuidar do corpo. Assim como exerc\u00edcios f\u00edsicos fortalecem os m\u00fasculos, os exerc\u00edcios cognitivos s\u00e3o essenciais para manter a agilidade mental e preservar a sa\u00fade cerebral. Por que os exerc\u00edcios cognitivos s\u00e3o importantes? Os exerc\u00edcios cognitivos ajudam a fortalecer diferentes &hellip; <\/p>\n<p class=\"link-more\"><a href=\"https:\/\/angustiasdamaturidade.com.br\/?page_id=2920\" class=\"more-link\">Continue lendo<span class=\"screen-reader-text\"> &#8220;Programa de Qualidade de Vida&#8221;<\/span><\/a><\/p>\n","protected":false},"author":1,"featured_media":0,"parent":0,"menu_order":0,"comment_status":"closed","ping_status":"closed","template":"","meta":{"footnotes":""},"class_list":["post-2920","page","type-page","status-publish","hentry"],"_links":{"self":[{"href":"https:\/\/angustiasdamaturidade.com.br\/index.php?rest_route=\/wp\/v2\/pages\/2920","targetHints":{"allow":["GET"]}}],"collection":[{"href":"https:\/\/angustiasdamaturidade.com.br\/index.php?rest_route=\/wp\/v2\/pages"}],"about":[{"href":"https:\/\/angustiasdamaturidade.com.br\/index.php?rest_route=\/wp\/v2\/types\/page"}],"author":[{"embeddable":true,"href":"https:\/\/angustiasdamaturidade.com.br\/index.php?rest_route=\/wp\/v2\/users\/1"}],"replies":[{"embeddable":true,"href":"https:\/\/angustiasdamaturidade.com.br\/index.php?rest_route=%2Fwp%2Fv2%2Fcomments&post=2920"}],"version-history":[{"count":53,"href":"https:\/\/angustiasdamaturidade.com.br\/index.php?rest_route=\/wp\/v2\/pages\/2920\/revisions"}],"predecessor-version":[{"id":3029,"href":"https:\/\/angustiasdamaturidade.com.br\/index.php?rest_route=\/wp\/v2\/pages\/2920\/revisions\/3029"}],"wp:attachment":[{"href":"https:\/\/angustiasdamaturidade.com.br\/index.php?rest_route=%2Fwp%2Fv2%2Fmedia&parent=2920"}],"curies":[{"name":"wp","href":"https:\/\/api.w.org\/{rel}","templated":true}]}}