{"id":2754,"date":"2023-03-28T17:07:22","date_gmt":"2023-03-28T20:07:22","guid":{"rendered":"https:\/\/angustiasdamaturidade.com.br\/?page_id=2754"},"modified":"2023-05-10T14:58:55","modified_gmt":"2023-05-10T17:58:55","slug":"enfrentando-o-etarismo","status":"publish","type":"page","link":"https:\/\/angustiasdamaturidade.com.br\/?page_id=2754","title":{"rendered":"Enfrentando o Etarismo"},"content":{"rendered":"\t\t<div data-elementor-type=\"wp-page\" data-elementor-id=\"2754\" class=\"elementor elementor-2754\">\n\t\t\t\t<div class=\"elementor-element elementor-element-91ee0b1 e-flex e-con-boxed e-con e-parent\" data-id=\"91ee0b1\" data-element_type=\"container\" data-e-type=\"container\">\n\t\t\t\t\t<div class=\"e-con-inner\">\n\t\t\t\t<div class=\"elementor-element elementor-element-4641bd2 elementor-widget elementor-widget-text-editor\" data-id=\"4641bd2\" data-element_type=\"widget\" data-e-type=\"widget\" data-widget_type=\"text-editor.default\">\n\t\t\t\t<div class=\"elementor-widget-container\">\n\t\t\t\t\t\t\t\t\t<p><strong>O Etarismo afeta as pessoas e a sociedade de maneira contundente principalmente porqu\u00ea essa situa\u00e7\u00e3o est\u00e1 <span style=\"color: #0000ff;\">inserida nas pessoas a partir da forma\u00e7\u00e3o de sua cultura<\/span>.\u00a0 Para que possamos transformar essa quest\u00e3o \u00e9 importante que trabalhemos atrav\u00e9s de algumas vertentes como mostramos abaixo:\u00a0<\/strong><\/p>\t\t\t\t\t\t\t\t<\/div>\n\t\t\t\t<\/div>\n\t\t\t\t\t<\/div>\n\t\t\t\t<\/div>\n\t\t<div class=\"elementor-element elementor-element-c3b4586 e-flex e-con-boxed e-con e-parent\" data-id=\"c3b4586\" data-element_type=\"container\" data-e-type=\"container\">\n\t\t\t\t\t<div class=\"e-con-inner\">\n\t\t<div class=\"elementor-element elementor-element-89106a9 e-con-full e-flex e-con e-parent\" data-id=\"89106a9\" data-element_type=\"container\" data-e-type=\"container\">\n\t\t\t\t<div class=\"elementor-element elementor-element-d9be6e8 elementor-widget elementor-widget-text-editor\" data-id=\"d9be6e8\" data-element_type=\"widget\" data-e-type=\"widget\" data-widget_type=\"text-editor.default\">\n\t\t\t\t<div class=\"elementor-widget-container\">\n\t\t\t\t\t\t\t\t\t<h4 style=\"text-align: center;\"><span style=\"color: #ff0000;\">Pol\u00edticas e leis<\/span><\/h4>\t\t\t\t\t\t\t\t<\/div>\n\t\t\t\t<\/div>\n\t\t\t\t<\/div>\n\t\t<div class=\"elementor-element elementor-element-abceedc e-con-full e-flex e-con e-parent\" data-id=\"abceedc\" data-element_type=\"container\" data-e-type=\"container\">\n\t\t\t\t<div class=\"elementor-element elementor-element-cde8ba7 elementor-widget elementor-widget-text-editor\" data-id=\"cde8ba7\" data-element_type=\"widget\" data-e-type=\"widget\" data-widget_type=\"text-editor.default\">\n\t\t\t\t<div class=\"elementor-widget-container\">\n\t\t\t\t\t\t\t\t\t<h4 style=\"text-align: center;\"><span style=\"color: #00ccff;\">Educa\u00e7\u00e3o<\/span><\/h4>\t\t\t\t\t\t\t\t<\/div>\n\t\t\t\t<\/div>\n\t\t\t\t<\/div>\n\t\t<div class=\"elementor-element elementor-element-ca8c05d e-con-full e-flex e-con e-parent\" data-id=\"ca8c05d\" data-element_type=\"container\" data-e-type=\"container\">\n\t\t\t\t<div class=\"elementor-element elementor-element-5db03d7 elementor-widget elementor-widget-text-editor\" data-id=\"5db03d7\" data-element_type=\"widget\" data-e-type=\"widget\" data-widget_type=\"text-editor.default\">\n\t\t\t\t<div class=\"elementor-widget-container\">\n\t\t\t\t\t\t\t\t\t<h4 style=\"text-align: center;\"><span style=\"color: #339966;\">Interven\u00e7\u00f5es Intergeracionais<\/span><\/h4>\t\t\t\t\t\t\t\t<\/div>\n\t\t\t\t<\/div>\n\t\t\t\t<\/div>\n\t\t<div class=\"elementor-element elementor-element-89bfd1d e-con-full e-flex e-con e-parent\" data-id=\"89bfd1d\" data-element_type=\"container\" data-e-type=\"container\">\n\t\t\t\t<div class=\"elementor-element elementor-element-09bea9b elementor-widget elementor-widget-text-editor\" data-id=\"09bea9b\" data-element_type=\"widget\" data-e-type=\"widget\" data-widget_type=\"text-editor.default\">\n\t\t\t\t<div class=\"elementor-widget-container\">\n\t\t\t\t\t\t\t\t\t<p style=\"text-align: center;\"><span style=\"color: #ff0000;\"><strong>Abordar a discrimina\u00e7\u00e3o e a desigualdade com base na idade e proteger os direitos humanos. Isso para qualquer faixa et\u00e1ria<\/strong><\/span><\/p>\t\t\t\t\t\t\t\t<\/div>\n\t\t\t\t<\/div>\n\t\t\t\t<\/div>\n\t\t<div class=\"elementor-element elementor-element-91ba3ba e-con-full e-flex e-con e-parent\" data-id=\"91ba3ba\" data-element_type=\"container\" data-e-type=\"container\">\n\t\t\t\t<div class=\"elementor-element elementor-element-294b967 elementor-widget elementor-widget-text-editor\" data-id=\"294b967\" data-element_type=\"widget\" data-e-type=\"widget\" data-widget_type=\"text-editor.default\">\n\t\t\t\t<div class=\"elementor-widget-container\">\n\t\t\t\t\t\t\t\t\t<p style=\"text-align: center;\"><span style=\"color: #00ccff;\"><strong>S\u00e3o bastante efetivas, transmitem instru\u00e7\u00f5es, conhecimentos, melhoram ou criam habilidades. As din\u00e2micas de role-playing s\u00e3o bem-vindas e at\u00e9 de realidade virtual. Palestras e treinamentos espec\u00edficos ajudam muito a compor esse modelo educacional.<\/strong><\/span><\/p>\t\t\t\t\t\t\t\t<\/div>\n\t\t\t\t<\/div>\n\t\t\t\t<\/div>\n\t\t<div class=\"elementor-element elementor-element-6225f2f e-con-full e-flex e-con e-parent\" data-id=\"6225f2f\" data-element_type=\"container\" data-e-type=\"container\">\n\t\t\t\t<div class=\"elementor-element elementor-element-0ec85c1 elementor-widget elementor-widget-text-editor\" data-id=\"0ec85c1\" data-element_type=\"widget\" data-e-type=\"widget\" data-widget_type=\"text-editor.default\">\n\t\t\t\t<div class=\"elementor-widget-container\">\n\t\t\t\t\t\t\t\t\t<p style=\"text-align: center;\"><span style=\"color: #339966;\"><strong>A possibilidade de desenvolver din\u00e2micas entre pessoas de diferentes faixas et\u00e1rias promove que se possa ressignificar valores sobre o outro. Pode-se conhecer habilidades, compet\u00eancias do outro e permitir que a intera\u00e7\u00e3o seja mais produtiva<\/strong><\/span><\/p>\t\t\t\t\t\t\t\t<\/div>\n\t\t\t\t<\/div>\n\t\t\t\t<\/div>\n\t\t\t\t\t<\/div>\n\t\t\t\t<\/div>\n\t\t<div class=\"elementor-element elementor-element-3c32b64 e-flex e-con-boxed e-con e-parent\" data-id=\"3c32b64\" data-element_type=\"container\" data-e-type=\"container\">\n\t\t\t\t\t<div class=\"e-con-inner\">\n\t\t\t\t<div class=\"elementor-element elementor-element-7233154 elementor-widget elementor-widget-heading\" data-id=\"7233154\" data-element_type=\"widget\" data-e-type=\"widget\" data-widget_type=\"heading.default\">\n\t\t\t\t<div class=\"elementor-widget-container\">\n\t\t\t\t\t<h2 class=\"elementor-heading-title elementor-size-default\">Ressignificando com a psican\u00e1lise de grupo<\/h2>\t\t\t\t<\/div>\n\t\t\t\t<\/div>\n\t\t\t\t\t<\/div>\n\t\t\t\t<\/div>\n\t\t<div class=\"elementor-element elementor-element-a04f5fc e-flex e-con-boxed e-con e-parent\" data-id=\"a04f5fc\" data-element_type=\"container\" data-e-type=\"container\">\n\t\t\t\t\t<div class=\"e-con-inner\">\n\t\t\t\t<div class=\"elementor-element elementor-element-d1c83e6 elementor-widget elementor-widget-text-editor\" data-id=\"d1c83e6\" data-element_type=\"widget\" data-e-type=\"widget\" data-widget_type=\"text-editor.default\">\n\t\t\t\t<div class=\"elementor-widget-container\">\n\t\t\t\t\t\t\t\t\t<p style=\"text-align: center;\"><span style=\"color: #0000ff;\"><strong>A utiliza\u00e7\u00e3o de t\u00e9cnicas de grupo vindas da psican\u00e1lise, <span style=\"color: #000000;\"><a style=\"color: #000000;\" href=\"http:\/\/www.escutapsicanalitica.com.br\">escuta psicanalitica<\/a>,\u00a0 p<\/span>ermite que os valores sejam ressignificados complementando assim as atividades educacionais. Portanto, utilizamos essa t\u00e9cnica na <\/strong><\/span><strong><a href=\"http:\/\/www.escoladoidoso.com.br\">Escola do Idoso<\/a><\/strong><span style=\"color: #0000ff;\"><strong> e facilitando o trabalho voltado ao<\/strong> Etarismo.<\/span><\/p>\t\t\t\t\t\t\t\t<\/div>\n\t\t\t\t<\/div>\n\t\t\t\t\t<\/div>\n\t\t\t\t<\/div>\n\t\t<div class=\"elementor-element elementor-element-c41610b e-flex e-con-boxed e-con e-parent\" data-id=\"c41610b\" data-element_type=\"container\" data-e-type=\"container\">\n\t\t\t\t\t<div class=\"e-con-inner\">\n\t\t<div class=\"elementor-element elementor-element-57d9c6b e-con-full e-flex e-con e-parent\" data-id=\"57d9c6b\" data-element_type=\"container\" data-e-type=\"container\">\n\t\t\t\t<div class=\"elementor-element elementor-element-69dcaf7 elementor-widget elementor-widget-image\" data-id=\"69dcaf7\" data-element_type=\"widget\" data-e-type=\"widget\" data-widget_type=\"image.default\">\n\t\t\t\t<div class=\"elementor-widget-container\">\n\t\t\t\t\t\t\t\t\t\t\t\t\t\t\t<img fetchpriority=\"high\" decoding=\"async\" width=\"338\" height=\"190\" src=\"https:\/\/angustiasdamaturidade.com.br\/wp-content\/uploads\/2021\/03\/vo-e-neto.jpg\" class=\"attachment-large size-large wp-image-407\" alt=\"\" srcset=\"https:\/\/angustiasdamaturidade.com.br\/wp-content\/uploads\/2021\/03\/vo-e-neto.jpg 338w, https:\/\/angustiasdamaturidade.com.br\/wp-content\/uploads\/2021\/03\/vo-e-neto-300x169.jpg 300w\" sizes=\"100vw\" \/>\t\t\t\t\t\t\t\t\t\t\t\t\t\t\t<\/div>\n\t\t\t\t<\/div>\n\t\t\t\t<\/div>\n\t\t<div class=\"elementor-element elementor-element-fb17d6d e-con-full e-flex e-con e-parent\" data-id=\"fb17d6d\" data-element_type=\"container\" data-e-type=\"container\">\n\t\t\t\t<div class=\"elementor-element elementor-element-bb34f94 elementor-widget elementor-widget-image\" data-id=\"bb34f94\" data-element_type=\"widget\" data-e-type=\"widget\" data-widget_type=\"image.default\">\n\t\t\t\t<div class=\"elementor-widget-container\">\n\t\t\t\t\t\t\t\t\t\t\t\t\t\t\t<img decoding=\"async\" width=\"740\" height=\"494\" src=\"https:\/\/angustiasdamaturidade.com.br\/wp-content\/uploads\/2021\/03\/pexels-andrea-piacquadio-3791664-1024x683.jpg\" class=\"attachment-large size-large wp-image-1218\" alt=\"\" srcset=\"https:\/\/angustiasdamaturidade.com.br\/wp-content\/uploads\/2021\/03\/pexels-andrea-piacquadio-3791664-1024x683.jpg 1024w, https:\/\/angustiasdamaturidade.com.br\/wp-content\/uploads\/2021\/03\/pexels-andrea-piacquadio-3791664-scaled-350x233.jpg 350w, https:\/\/angustiasdamaturidade.com.br\/wp-content\/uploads\/2021\/03\/pexels-andrea-piacquadio-3791664-300x200.jpg 300w, https:\/\/angustiasdamaturidade.com.br\/wp-content\/uploads\/2021\/03\/pexels-andrea-piacquadio-3791664-768x512.jpg 768w, https:\/\/angustiasdamaturidade.com.br\/wp-content\/uploads\/2021\/03\/pexels-andrea-piacquadio-3791664-1536x1024.jpg 1536w, https:\/\/angustiasdamaturidade.com.br\/wp-content\/uploads\/2021\/03\/pexels-andrea-piacquadio-3791664-2048x1365.jpg 2048w\" sizes=\"100vw\" \/>\t\t\t\t\t\t\t\t\t\t\t\t\t\t\t<\/div>\n\t\t\t\t<\/div>\n\t\t\t\t<\/div>\n\t\t\t\t\t<\/div>\n\t\t\t\t<\/div>\n\t\t\t\t<\/div>\n\t\t","protected":false},"excerpt":{"rendered":"<p>O Etarismo afeta as pessoas e a sociedade de maneira contundente principalmente porqu\u00ea essa situa\u00e7\u00e3o est\u00e1 inserida nas pessoas a partir da forma\u00e7\u00e3o de sua cultura.\u00a0 Para que possamos transformar essa quest\u00e3o \u00e9 importante que trabalhemos atrav\u00e9s de algumas vertentes como mostramos abaixo:\u00a0 Pol\u00edticas e leis Educa\u00e7\u00e3o Interven\u00e7\u00f5es Intergeracionais Abordar a discrimina\u00e7\u00e3o e a desigualdade &hellip; <\/p>\n<p class=\"link-more\"><a href=\"https:\/\/angustiasdamaturidade.com.br\/?page_id=2754\" class=\"more-link\">Continue lendo<span class=\"screen-reader-text\"> &#8220;Enfrentando o Etarismo&#8221;<\/span><\/a><\/p>\n","protected":false},"author":1,"featured_media":0,"parent":0,"menu_order":0,"comment_status":"closed","ping_status":"closed","template":"","meta":{"footnotes":""},"class_list":["post-2754","page","type-page","status-publish","hentry"],"_links":{"self":[{"href":"https:\/\/angustiasdamaturidade.com.br\/index.php?rest_route=\/wp\/v2\/pages\/2754","targetHints":{"allow":["GET"]}}],"collection":[{"href":"https:\/\/angustiasdamaturidade.com.br\/index.php?rest_route=\/wp\/v2\/pages"}],"about":[{"href":"https:\/\/angustiasdamaturidade.com.br\/index.php?rest_route=\/wp\/v2\/types\/page"}],"author":[{"embeddable":true,"href":"https:\/\/angustiasdamaturidade.com.br\/index.php?rest_route=\/wp\/v2\/users\/1"}],"replies":[{"embeddable":true,"href":"https:\/\/angustiasdamaturidade.com.br\/index.php?rest_route=%2Fwp%2Fv2%2Fcomments&post=2754"}],"version-history":[{"count":58,"href":"https:\/\/angustiasdamaturidade.com.br\/index.php?rest_route=\/wp\/v2\/pages\/2754\/revisions"}],"predecessor-version":[{"id":2835,"href":"https:\/\/angustiasdamaturidade.com.br\/index.php?rest_route=\/wp\/v2\/pages\/2754\/revisions\/2835"}],"wp:attachment":[{"href":"https:\/\/angustiasdamaturidade.com.br\/index.php?rest_route=%2Fwp%2Fv2%2Fmedia&parent=2754"}],"curies":[{"name":"wp","href":"https:\/\/api.w.org\/{rel}","templated":true}]}}