{"id":2654,"date":"2023-01-10T16:46:58","date_gmt":"2023-01-10T19:46:58","guid":{"rendered":"https:\/\/angustiasdamaturidade.com.br\/?page_id=2654"},"modified":"2023-04-27T15:56:50","modified_gmt":"2023-04-27T18:56:50","slug":"angustia-do-tempo","status":"publish","type":"page","link":"https:\/\/angustiasdamaturidade.com.br\/?page_id=2654","title":{"rendered":"Ang\u00fastia do tempo"},"content":{"rendered":"\t\t<div data-elementor-type=\"wp-page\" data-elementor-id=\"2654\" class=\"elementor elementor-2654\">\n\t\t\t\t<div class=\"elementor-element elementor-element-473e36e e-flex e-con-boxed e-con e-parent\" data-id=\"473e36e\" data-element_type=\"container\" data-e-type=\"container\">\n\t\t\t\t\t<div class=\"e-con-inner\">\n\t\t\t\t<div class=\"elementor-element elementor-element-1394c6a elementor-widget elementor-widget-heading\" data-id=\"1394c6a\" data-element_type=\"widget\" data-e-type=\"widget\" data-widget_type=\"heading.default\">\n\t\t\t\t<div class=\"elementor-widget-container\">\n\t\t\t\t\t<h2 class=\"elementor-heading-title elementor-size-default\">Como anda seu rel\u00f3gio?<\/h2>\t\t\t\t<\/div>\n\t\t\t\t<\/div>\n\t\t\t\t\t<\/div>\n\t\t\t\t<\/div>\n\t\t<div class=\"elementor-element elementor-element-adbad78 e-flex e-con-boxed e-con e-parent\" data-id=\"adbad78\" data-element_type=\"container\" data-e-type=\"container\">\n\t\t\t\t\t<div class=\"e-con-inner\">\n\t\t\t\t<div class=\"elementor-element elementor-element-e302a13 elementor-widget elementor-widget-image\" data-id=\"e302a13\" data-element_type=\"widget\" data-e-type=\"widget\" data-widget_type=\"image.default\">\n\t\t\t\t<div class=\"elementor-widget-container\">\n\t\t\t\t\t\t\t\t\t\t\t\t\t\t\t<img fetchpriority=\"high\" decoding=\"async\" width=\"740\" height=\"477\" src=\"https:\/\/angustiasdamaturidade.com.br\/wp-content\/uploads\/2023\/01\/tempo.jpeg\" class=\"attachment-large size-large wp-image-2657\" alt=\"\" srcset=\"https:\/\/angustiasdamaturidade.com.br\/wp-content\/uploads\/2023\/01\/tempo.jpeg 776w, https:\/\/angustiasdamaturidade.com.br\/wp-content\/uploads\/2023\/01\/tempo-350x226.jpeg 350w, https:\/\/angustiasdamaturidade.com.br\/wp-content\/uploads\/2023\/01\/tempo-300x193.jpeg 300w, https:\/\/angustiasdamaturidade.com.br\/wp-content\/uploads\/2023\/01\/tempo-768x495.jpeg 768w\" sizes=\"100vw\" \/>\t\t\t\t\t\t\t\t\t\t\t\t\t\t\t<\/div>\n\t\t\t\t<\/div>\n\t\t\t\t\t<\/div>\n\t\t\t\t<\/div>\n\t\t<div class=\"elementor-element elementor-element-7054812 e-flex e-con-boxed e-con e-parent\" data-id=\"7054812\" data-element_type=\"container\" data-e-type=\"container\">\n\t\t\t\t\t<div class=\"e-con-inner\">\n\t\t<div class=\"elementor-element elementor-element-014adc0 e-con-full e-flex e-con e-parent\" data-id=\"014adc0\" data-element_type=\"container\" data-e-type=\"container\">\n\t\t\t\t<div class=\"elementor-element elementor-element-58b89f6 elementor-widget elementor-widget-text-editor\" data-id=\"58b89f6\" data-element_type=\"widget\" data-e-type=\"widget\" data-widget_type=\"text-editor.default\">\n\t\t\t\t<div class=\"elementor-widget-container\">\n\t\t\t\t\t\t\t\t\t<p style=\"text-align: center;\"><span style=\"color: #ff0000;\">O tempo voa<\/span><\/p>\t\t\t\t\t\t\t\t<\/div>\n\t\t\t\t<\/div>\n\t\t\t\t<\/div>\n\t\t<div class=\"elementor-element elementor-element-f40aff0 e-con-full e-flex e-con e-parent\" data-id=\"f40aff0\" data-element_type=\"container\" data-e-type=\"container\">\n\t\t\t\t<div class=\"elementor-element elementor-element-0386865 elementor-widget elementor-widget-text-editor\" data-id=\"0386865\" data-element_type=\"widget\" data-e-type=\"widget\" data-widget_type=\"text-editor.default\">\n\t\t\t\t<div class=\"elementor-widget-container\">\n\t\t\t\t\t\t\t\t\t<p style=\"text-align: center;\"><span style=\"color: #ff0000;\">Quanto falta?<\/span><\/p>\t\t\t\t\t\t\t\t<\/div>\n\t\t\t\t<\/div>\n\t\t\t\t<\/div>\n\t\t<div class=\"elementor-element elementor-element-4ec5e17 e-con-full e-flex e-con e-parent\" data-id=\"4ec5e17\" data-element_type=\"container\" data-e-type=\"container\">\n\t\t\t\t<div class=\"elementor-element elementor-element-db06415 elementor-widget elementor-widget-text-editor\" data-id=\"db06415\" data-element_type=\"widget\" data-e-type=\"widget\" data-widget_type=\"text-editor.default\">\n\t\t\t\t<div class=\"elementor-widget-container\">\n\t\t\t\t\t\t\t\t\t<p style=\"text-align: center;\"><span style=\"color: #ff0000;\">N\u00e3o aguento esperar<\/span><\/p>\t\t\t\t\t\t\t\t<\/div>\n\t\t\t\t<\/div>\n\t\t\t\t<\/div>\n\t\t<div class=\"elementor-element elementor-element-2b44df2 e-con-full e-flex e-con e-parent\" data-id=\"2b44df2\" data-element_type=\"container\" data-e-type=\"container\">\n\t\t\t\t<div class=\"elementor-element elementor-element-8a4b3c5 elementor-widget elementor-widget-text-editor\" data-id=\"8a4b3c5\" data-element_type=\"widget\" data-e-type=\"widget\" data-widget_type=\"text-editor.default\">\n\t\t\t\t<div class=\"elementor-widget-container\">\n\t\t\t\t\t\t\t\t\t<p style=\"text-align: center;\"><span style=\"color: #ff0000;\">Passou t\u00e3o r\u00e1pido<\/span><\/p>\t\t\t\t\t\t\t\t<\/div>\n\t\t\t\t<\/div>\n\t\t\t\t<\/div>\n\t\t<div class=\"elementor-element elementor-element-767f542 e-con-full e-flex e-con e-parent\" data-id=\"767f542\" data-element_type=\"container\" data-e-type=\"container\">\n\t\t\t\t<div class=\"elementor-element elementor-element-bfa1feb elementor-widget elementor-widget-text-editor\" data-id=\"bfa1feb\" data-element_type=\"widget\" data-e-type=\"widget\" data-widget_type=\"text-editor.default\">\n\t\t\t\t<div class=\"elementor-widget-container\">\n\t\t\t\t\t\t\t\t\t<p style=\"text-align: center;\"><span style=\"color: #ff0000;\">Parecia que n\u00e3o iria acabar hoje nem lembro mais<\/span><\/p>\t\t\t\t\t\t\t\t<\/div>\n\t\t\t\t<\/div>\n\t\t\t\t<\/div>\n\t\t<div class=\"elementor-element elementor-element-000deab e-con-full e-flex e-con e-parent\" data-id=\"000deab\" data-element_type=\"container\" data-e-type=\"container\">\n\t\t\t\t<div class=\"elementor-element elementor-element-0b9361c elementor-widget elementor-widget-text-editor\" data-id=\"0b9361c\" data-element_type=\"widget\" data-e-type=\"widget\" data-widget_type=\"text-editor.default\">\n\t\t\t\t<div class=\"elementor-widget-container\">\n\t\t\t\t\t\t\t\t\t<p style=\"text-align: center;\"><span style=\"color: #ff0000;\">Ontem eu era jovem e nem percebi passar mas, fiz tantas coisas&#8230;<\/span><\/p>\t\t\t\t\t\t\t\t<\/div>\n\t\t\t\t<\/div>\n\t\t\t\t<\/div>\n\t\t\t\t\t<\/div>\n\t\t\t\t<\/div>\n\t\t<div class=\"elementor-element elementor-element-fb28e68 e-flex e-con-boxed e-con e-parent\" data-id=\"fb28e68\" data-element_type=\"container\" data-e-type=\"container\">\n\t\t\t\t\t<div class=\"e-con-inner\">\n\t\t\t\t<div class=\"elementor-element elementor-element-afc3f97 elementor-widget elementor-widget-text-editor\" data-id=\"afc3f97\" data-element_type=\"widget\" data-e-type=\"widget\" data-widget_type=\"text-editor.default\">\n\t\t\t\t<div class=\"elementor-widget-container\">\n\t\t\t\t\t\t\t\t\t<p><strong>Se pararmos pra pensar veremos que o <span style=\"color: #ff0000;\"><em>Tempo\u00a0<\/em><span style=\"color: #000000;\">\u00e9 uma quest\u00e3o fundamental nas nossas vidas e certamente promotora de muitas ang\u00fastias independente de ser uma quest\u00e3o boa ou ruim. Se estamos ansiosos que alguma coisa se realize como fazer a matricula na faculdade, buscar um pr\u00eamio de loteria, receber uma pessoa querida no aeroporto, aguardar uma resposta por email ou whatsapp sentimos uma esp\u00e9cie de sofrimento interno, uma ang\u00fastia.<\/span><\/span><\/strong><\/p><p><strong><span style=\"color: #ff0000;\"><span style=\"color: #000000;\">\u00a0<\/span><\/span><\/strong><\/p>\t\t\t\t\t\t\t\t<\/div>\n\t\t\t\t<\/div>\n\t\t\t\t\t<\/div>\n\t\t\t\t<\/div>\n\t\t<div class=\"elementor-element elementor-element-f8bbe02 e-flex e-con-boxed e-con e-parent\" data-id=\"f8bbe02\" data-element_type=\"container\" data-e-type=\"container\">\n\t\t\t\t\t<div class=\"e-con-inner\">\n\t\t\t\t<div class=\"elementor-element elementor-element-3321bb0 elementor-widget elementor-widget-text-editor\" data-id=\"3321bb0\" data-element_type=\"widget\" data-e-type=\"widget\" data-widget_type=\"text-editor.default\">\n\t\t\t\t<div class=\"elementor-widget-container\">\n\t\t\t\t\t\t\t\t\t<p><strong>Se estamos \u00e0 espera de um acontecimento desagrad\u00e1vel como arrancar um dente, fazer uma prova em que n\u00e3o nos preparamos adequadamente, sofremos na expectativa de como ser\u00e1, quando ser\u00e1 ou quando estaremos livres daquele epis\u00f3dio ruim. Mais uma ang\u00fastia a ser administrada!!!<\/strong><\/p>\t\t\t\t\t\t\t\t<\/div>\n\t\t\t\t<\/div>\n\t\t\t\t\t<\/div>\n\t\t\t\t<\/div>\n\t\t<div class=\"elementor-element elementor-element-7489a2c e-flex e-con-boxed e-con e-parent\" data-id=\"7489a2c\" data-element_type=\"container\" data-e-type=\"container\">\n\t\t\t\t\t<div class=\"e-con-inner\">\n\t\t\t\t<div class=\"elementor-element elementor-element-33bcf29 elementor-widget elementor-widget-heading\" data-id=\"33bcf29\" data-element_type=\"widget\" data-e-type=\"widget\" data-widget_type=\"heading.default\">\n\t\t\t\t<div class=\"elementor-widget-container\">\n\t\t\t\t\t<h2 class=\"elementor-heading-title elementor-size-default\">O Tempo \u00e9 relativo<\/h2>\t\t\t\t<\/div>\n\t\t\t\t<\/div>\n\t\t\t\t\t<\/div>\n\t\t\t\t<\/div>\n\t\t<div class=\"elementor-element elementor-element-1a984c3 e-flex e-con-boxed e-con e-parent\" data-id=\"1a984c3\" data-element_type=\"container\" data-e-type=\"container\">\n\t\t\t\t\t<div class=\"e-con-inner\">\n\t\t\t\t<div class=\"elementor-element elementor-element-a265d41 elementor-widget elementor-widget-text-editor\" data-id=\"a265d41\" data-element_type=\"widget\" data-e-type=\"widget\" data-widget_type=\"text-editor.default\">\n\t\t\t\t<div class=\"elementor-widget-container\">\n\t\t\t\t\t\t\t\t\t<p><strong>Dependendo do momento em que vivemos ou da situa\u00e7\u00e3o vivida o <span style=\"color: #ff0000;\">Tempo\u00a0<span style=\"color: #000000;\">pode ser longo ou pode ser curto independente do tempo cronol\u00f3gico, ou seja, uma hora pode se transformar em v\u00e1rias horas caso tenhamos a expectativa de que algo aconte\u00e7a rapidamente ou pode se transformar em 10 minutos caso n\u00e3o queiramos que aconte\u00e7a rapidamente<\/span><\/span><\/strong><\/p>\t\t\t\t\t\t\t\t<\/div>\n\t\t\t\t<\/div>\n\t\t\t\t\t<\/div>\n\t\t\t\t<\/div>\n\t\t<div class=\"elementor-element elementor-element-d59fbe2 e-flex e-con-boxed e-con e-parent\" data-id=\"d59fbe2\" data-element_type=\"container\" data-e-type=\"container\">\n\t\t\t\t\t<div class=\"e-con-inner\">\n\t\t\t\t<div class=\"elementor-element elementor-element-d284f14 elementor-widget elementor-widget-text-editor\" data-id=\"d284f14\" data-element_type=\"widget\" data-e-type=\"widget\" data-widget_type=\"text-editor.default\">\n\t\t\t\t<div class=\"elementor-widget-container\">\n\t\t\t\t\t\t\t\t\t<p><strong>Dessa forma podemos perceber que sempre existe uma ang\u00fastia envolvida independente se estamos falando de algo bom ou algo ruim. A percep\u00e7\u00e3o do <span style=\"color: #ff0000;\">Tempo\u00a0<span style=\"color: #000000;\">varia de acordo com a nossa exig\u00eancia ps\u00edquica e \u00e9 essa que deve ser administrada.<\/span><\/span><\/strong><\/p>\t\t\t\t\t\t\t\t<\/div>\n\t\t\t\t<\/div>\n\t\t\t\t\t<\/div>\n\t\t\t\t<\/div>\n\t\t<div class=\"elementor-element elementor-element-f9f0d69 e-flex e-con-boxed e-con e-parent\" data-id=\"f9f0d69\" data-element_type=\"container\" data-e-type=\"container\">\n\t\t\t\t\t<div class=\"e-con-inner\">\n\t\t\t\t<div class=\"elementor-element elementor-element-3366d1e elementor-widget elementor-widget-heading\" data-id=\"3366d1e\" data-element_type=\"widget\" data-e-type=\"widget\" data-widget_type=\"heading.default\">\n\t\t\t\t<div class=\"elementor-widget-container\">\n\t\t\t\t\t<h2 class=\"elementor-heading-title elementor-size-default\">A nossa Idade<\/h2>\t\t\t\t<\/div>\n\t\t\t\t<\/div>\n\t\t\t\t\t<\/div>\n\t\t\t\t<\/div>\n\t\t<div class=\"elementor-element elementor-element-3f903be e-flex e-con-boxed e-con e-parent\" data-id=\"3f903be\" data-element_type=\"container\" data-e-type=\"container\">\n\t\t\t\t\t<div class=\"e-con-inner\">\n\t\t\t\t<div class=\"elementor-element elementor-element-16c166d elementor-widget elementor-widget-text-editor\" data-id=\"16c166d\" data-element_type=\"widget\" data-e-type=\"widget\" data-widget_type=\"text-editor.default\">\n\t\t\t\t<div class=\"elementor-widget-container\">\n\t\t\t\t\t\t\t\t\t<p><strong>A nossa percep\u00e7\u00e3o se somos novos ou velhos varia muito a depender da situa\u00e7\u00e3o. Se tenho 15 anos e quero ter a carteira de habilita\u00e7\u00e3o vou me achar novo e vai demorar muito pra chegar esse dia, caso eu tenha repetido algum ano na escola posso me sentir velho quando estiver convivendo com amigos mais novos na classe do ano seguinte. Ent\u00e3o sou jovem ou sou velho?<\/strong>\u00a0<\/p>\t\t\t\t\t\t\t\t<\/div>\n\t\t\t\t<\/div>\n\t\t\t\t\t<\/div>\n\t\t\t\t<\/div>\n\t\t<div class=\"elementor-element elementor-element-5add8cd e-flex e-con-boxed e-con e-parent\" data-id=\"5add8cd\" data-element_type=\"container\" data-e-type=\"container\">\n\t\t\t\t\t<div class=\"e-con-inner\">\n\t\t\t\t<div class=\"elementor-element elementor-element-3bf72c0 elementor-widget elementor-widget-text-editor\" data-id=\"3bf72c0\" data-element_type=\"widget\" data-e-type=\"widget\" data-widget_type=\"text-editor.default\">\n\t\t\t\t<div class=\"elementor-widget-container\">\n\t\t\t\t\t\t\t\t\t<p>Uma evolu\u00e7\u00e3o da ressignifica\u00e7\u00e3o do tempo, publicado no Instagran no dia 27 de abril de 2023, leia abaixo:<\/p>\t\t\t\t\t\t\t\t<\/div>\n\t\t\t\t<\/div>\n\t\t\t\t\t<\/div>\n\t\t\t\t<\/div>\n\t\t<div class=\"elementor-element elementor-element-74a7e6d e-flex e-con-boxed e-con e-parent\" data-id=\"74a7e6d\" data-element_type=\"container\" data-e-type=\"container\">\n\t\t\t\t\t<div class=\"e-con-inner\">\n\t\t\t\t<div class=\"elementor-element elementor-element-fffd481 elementor-widget elementor-widget-text-editor\" data-id=\"fffd481\" data-element_type=\"widget\" data-e-type=\"widget\" data-widget_type=\"text-editor.default\">\n\t\t\t\t<div class=\"elementor-widget-container\">\n\t\t\t\t\t\t\t\t\t<p>Pensando no tempo &#8211; No meu site angustiasdamaturidade.com.br eu escrevi sobre a ang\u00fastia do tempo e como estamos sempre \u00e0 merc\u00ea desse sentimento relacionado ao mesmo. Ent\u00e3o continuo aqui pensando naquele tema e procurando crescer em termos de significado sobre o mesmo. O tempo nos parece muito longo quando estamos ansiosos pela sua chegada e parece r\u00e1pido demais em outras situa\u00e7\u00f5es que nem sempre desejamos que chegue portanto se a nossa vida passa cronologicamente em fun\u00e7\u00e3o dos tempos que vivenciamos em cada uma dessas situa\u00e7\u00f5es ser\u00e1 que todos n\u00f3s vivemos o mesmo tempo mesmo que cronologicamente igual? Se eu estou sempre na expectativa de algum acontecimento e para mim o tempo demora a passar quantas coisas n\u00e3o podem ter acontecido para aqueles que vivem sentindo que o tempo chega r\u00e1pido? Se pensarmos psiquicamente essa diminui\u00e7\u00e3o do tempo vivido, nesse contexto, se produziria num tempo mais dif\u00edcil, mais sofrido e de mais peso onde a minha ansiedade por acontecimentos me faria sofrer sempre com a demora da sua chegada ao passo que se eu estiver mais leve, despreocupado poderia viver cada momento at\u00e9 seu acontecimento final. No meu caminho para Santiago de Compostela, realizado h\u00e1 aproximadamente 3 anos, no primeiro dia senti uma ansiedade por ter de pedalar 800km, ou seja, um sofrimento pela passagem do tempo porvir. Nesse momento resolvi aproveitar cada uma das etapas e percebi que cada dia se tornou mais prazeroso mesmo sabendo que todas as etapas se traduziriam na somat\u00f3ria do caminho todo. Ainda tentando ressignificar o tempo fico aqui me perguntando se a possibilidade de lidar melhor com os acontecimentos, reduzir as angustias existentes na sua espera n\u00e3o se traduziria numa demora maior no caminho do envelhecimento. Ser\u00e1 que lidar melhor com tudo isso n\u00e3o seria um caminho para o rejuvenescimento? Bem, temos muito a pensar sobre o tema mas fica a\u00ed mais uma elocubra\u00e7\u00e3o gostosa!!!<\/p>\t\t\t\t\t\t\t\t<\/div>\n\t\t\t\t<\/div>\n\t\t\t\t\t<\/div>\n\t\t\t\t<\/div>\n\t\t\t\t<\/div>\n\t\t","protected":false},"excerpt":{"rendered":"<p>Como anda seu rel\u00f3gio? O tempo voa Quanto falta? N\u00e3o aguento esperar Passou t\u00e3o r\u00e1pido Parecia que n\u00e3o iria acabar hoje nem lembro mais Ontem eu era jovem e nem percebi passar mas, fiz tantas coisas&#8230; Se pararmos pra pensar veremos que o Tempo\u00a0\u00e9 uma quest\u00e3o fundamental nas nossas vidas e certamente promotora de muitas &hellip; <\/p>\n<p class=\"link-more\"><a href=\"https:\/\/angustiasdamaturidade.com.br\/?page_id=2654\" class=\"more-link\">Continue lendo<span class=\"screen-reader-text\"> &#8220;Ang\u00fastia do tempo&#8221;<\/span><\/a><\/p>\n","protected":false},"author":1,"featured_media":0,"parent":0,"menu_order":0,"comment_status":"closed","ping_status":"closed","template":"","meta":{"footnotes":""},"class_list":["post-2654","page","type-page","status-publish","hentry"],"_links":{"self":[{"href":"https:\/\/angustiasdamaturidade.com.br\/index.php?rest_route=\/wp\/v2\/pages\/2654","targetHints":{"allow":["GET"]}}],"collection":[{"href":"https:\/\/angustiasdamaturidade.com.br\/index.php?rest_route=\/wp\/v2\/pages"}],"about":[{"href":"https:\/\/angustiasdamaturidade.com.br\/index.php?rest_route=\/wp\/v2\/types\/page"}],"author":[{"embeddable":true,"href":"https:\/\/angustiasdamaturidade.com.br\/index.php?rest_route=\/wp\/v2\/users\/1"}],"replies":[{"embeddable":true,"href":"https:\/\/angustiasdamaturidade.com.br\/index.php?rest_route=%2Fwp%2Fv2%2Fcomments&post=2654"}],"version-history":[{"count":46,"href":"https:\/\/angustiasdamaturidade.com.br\/index.php?rest_route=\/wp\/v2\/pages\/2654\/revisions"}],"predecessor-version":[{"id":2828,"href":"https:\/\/angustiasdamaturidade.com.br\/index.php?rest_route=\/wp\/v2\/pages\/2654\/revisions\/2828"}],"wp:attachment":[{"href":"https:\/\/angustiasdamaturidade.com.br\/index.php?rest_route=%2Fwp%2Fv2%2Fmedia&parent=2654"}],"curies":[{"name":"wp","href":"https:\/\/api.w.org\/{rel}","templated":true}]}}