{"id":2380,"date":"2022-11-09T11:07:22","date_gmt":"2022-11-09T14:07:22","guid":{"rendered":"https:\/\/angustiasdamaturidade.com.br\/?page_id=2380"},"modified":"2022-11-09T12:09:38","modified_gmt":"2022-11-09T15:09:38","slug":"nossa-metodologia","status":"publish","type":"page","link":"https:\/\/angustiasdamaturidade.com.br\/?page_id=2380","title":{"rendered":"Nossa Metodologia"},"content":{"rendered":"\t\t<div data-elementor-type=\"wp-page\" data-elementor-id=\"2380\" class=\"elementor elementor-2380\">\n\t\t\t\t<div class=\"elementor-element elementor-element-8281f6b e-flex e-con-boxed e-con e-parent\" data-id=\"8281f6b\" data-element_type=\"container\" data-e-type=\"container\">\n\t\t\t\t\t<div class=\"e-con-inner\">\n\t\t\t\t<div class=\"elementor-element elementor-element-8c10ac4 elementor-widget elementor-widget-text-editor\" data-id=\"8c10ac4\" data-element_type=\"widget\" data-e-type=\"widget\" data-widget_type=\"text-editor.default\">\n\t\t\t\t<div class=\"elementor-widget-container\">\n\t\t\t\t\t\t\t\t\t<p>Trabalhamos no sistema de franquia de forma que todos os envolvidos na ado\u00e7\u00e3o do m\u00e9todo estar\u00e3o ligados por uma estrutura mestre.<\/p><p>Portanto, os procedimentos de trabalho, os exerc\u00edcios ministrados, controle de resultados e avalia\u00e7\u00f5es, ser\u00e3o realizados por n\u00f3s garantindo assim que haja uma coer\u00eancia nos processos e tamb\u00e9m que possamos cadastrar e avaliar os dados de resultado garantindo assim sua consist\u00eancia.<\/p><p>Para isso criamos o Curso da Escola de Idosos para Franqueados e voc\u00ea pode conhec\u00ea-lo melhor clicando nesse <span style=\"color: #0000ff;\"><a style=\"color: #0000ff;\" href=\"https:\/\/angustiasdamaturidade.com.br\/curso-da-escola-de-idosos-para-franqueados\/\">link.<\/a><\/span><\/p>\t\t\t\t\t\t\t\t<\/div>\n\t\t\t\t<\/div>\n\t\t\t\t\t<\/div>\n\t\t\t\t<\/div>\n\t\t\t\t<\/div>\n\t\t","protected":false},"excerpt":{"rendered":"<p>Trabalhamos no sistema de franquia de forma que todos os envolvidos na ado\u00e7\u00e3o do m\u00e9todo estar\u00e3o ligados por uma estrutura mestre. Portanto, os procedimentos de trabalho, os exerc\u00edcios ministrados, controle de resultados e avalia\u00e7\u00f5es, ser\u00e3o realizados por n\u00f3s garantindo assim que haja uma coer\u00eancia nos processos e tamb\u00e9m que possamos cadastrar e avaliar os dados &hellip; <\/p>\n<p class=\"link-more\"><a href=\"https:\/\/angustiasdamaturidade.com.br\/?page_id=2380\" class=\"more-link\">Continue lendo<span class=\"screen-reader-text\"> &#8220;Nossa Metodologia&#8221;<\/span><\/a><\/p>\n","protected":false},"author":1,"featured_media":0,"parent":0,"menu_order":0,"comment_status":"closed","ping_status":"closed","template":"","meta":{"footnotes":""},"class_list":["post-2380","page","type-page","status-publish","hentry"],"_links":{"self":[{"href":"https:\/\/angustiasdamaturidade.com.br\/index.php?rest_route=\/wp\/v2\/pages\/2380","targetHints":{"allow":["GET"]}}],"collection":[{"href":"https:\/\/angustiasdamaturidade.com.br\/index.php?rest_route=\/wp\/v2\/pages"}],"about":[{"href":"https:\/\/angustiasdamaturidade.com.br\/index.php?rest_route=\/wp\/v2\/types\/page"}],"author":[{"embeddable":true,"href":"https:\/\/angustiasdamaturidade.com.br\/index.php?rest_route=\/wp\/v2\/users\/1"}],"replies":[{"embeddable":true,"href":"https:\/\/angustiasdamaturidade.com.br\/index.php?rest_route=%2Fwp%2Fv2%2Fcomments&post=2380"}],"version-history":[{"count":19,"href":"https:\/\/angustiasdamaturidade.com.br\/index.php?rest_route=\/wp\/v2\/pages\/2380\/revisions"}],"predecessor-version":[{"id":2435,"href":"https:\/\/angustiasdamaturidade.com.br\/index.php?rest_route=\/wp\/v2\/pages\/2380\/revisions\/2435"}],"wp:attachment":[{"href":"https:\/\/angustiasdamaturidade.com.br\/index.php?rest_route=%2Fwp%2Fv2%2Fmedia&parent=2380"}],"curies":[{"name":"wp","href":"https:\/\/api.w.org\/{rel}","templated":true}]}}