{"id":2264,"date":"2022-11-08T14:24:02","date_gmt":"2022-11-08T17:24:02","guid":{"rendered":"https:\/\/angustiasdamaturidade.com.br\/?page_id=2264"},"modified":"2022-11-09T09:56:33","modified_gmt":"2022-11-09T12:56:33","slug":"uma-conversa-sobre-finitude","status":"publish","type":"page","link":"https:\/\/angustiasdamaturidade.com.br\/?page_id=2264","title":{"rendered":"Uma conversa sobre finitude"},"content":{"rendered":"\t\t<div data-elementor-type=\"wp-page\" data-elementor-id=\"2264\" class=\"elementor elementor-2264\">\n\t\t\t\t<div class=\"elementor-element elementor-element-464a34b e-flex e-con-boxed e-con e-parent\" data-id=\"464a34b\" data-element_type=\"container\" data-e-type=\"container\">\n\t\t\t\t\t<div class=\"e-con-inner\">\n\t\t\t\t<div class=\"elementor-element elementor-element-3c4ea87 elementor-widget elementor-widget-text-editor\" data-id=\"3c4ea87\" data-element_type=\"widget\" data-e-type=\"widget\" data-widget_type=\"text-editor.default\">\n\t\t\t\t<div class=\"elementor-widget-container\">\n\t\t\t\t\t\t\t\t\t<p><a href=\"https:\/\/globoplay.globo.com\/v\/5320356\/\">N\u00e3o chore \u00e0 beira do meu t\u00famulo\u00a0 \u00a0 \u00a0 \u00a0assista aqui ao v\u00eddeo<\/a><\/p><p>Esse poema foi declamado por J\u00f4 Soares foi escrito pela florista Mary Elizabeth Frye para a jovem Margareth que n\u00e3o p\u00f4de ver o t\u00famulo da m\u00e3e na Alemanha por conta do antissemitismo. Nessas palavras descreve como ver a morte e poder sentir o caminho de quem se foi&#8230;.<\/p><p><span style=\"color: #ff0000;\">&#8220;Do not stand at my grave&#8221;<\/span><\/p><p><span style=\"color: #000000;\">N\u00e3o chore \u00e0 beira do meu t\u00famulo, eu n\u00e3o estou l\u00e1. Estou no soprar dos ventos, nas tempestades de ver\u00e3o e nos chuviscos suaves da primavera. N\u00e3o chore \u00e0 beira do meu t\u00famulo eu n\u00e3o estou l\u00e1. Estou no brilho das estrelas e no cantar alegre dos p\u00e1ssaros. N\u00e3o chore \u00e0 beira do meu t\u00famulo, desolado. Eu n\u00e3o estou l\u00e1 &#8211; porque eu n\u00e3o parti.<\/span><\/p><p>A reflex\u00e3o estea no pensar em Vamos viver o m\u00e1ximo poss\u00edvel, abra\u00e7armos quem amamos e sorrir e quando algu\u00e9m que amamos partir, n\u00e3o chore \u00e0 beira do seu t\u00famulo pois \u00eale n\u00e3o est\u00e1 l\u00e1 mas em todos os lugares maravilhosos da natureza criada por Deus.<\/p>\t\t\t\t\t\t\t\t<\/div>\n\t\t\t\t<\/div>\n\t\t\t\t\t<\/div>\n\t\t\t\t<\/div>\n\t\t\t\t<\/div>\n\t\t","protected":false},"excerpt":{"rendered":"<p>N\u00e3o chore \u00e0 beira do meu t\u00famulo\u00a0 \u00a0 \u00a0 \u00a0assista aqui ao v\u00eddeo Esse poema foi declamado por J\u00f4 Soares foi escrito pela florista Mary Elizabeth Frye para a jovem Margareth que n\u00e3o p\u00f4de ver o t\u00famulo da m\u00e3e na Alemanha por conta do antissemitismo. Nessas palavras descreve como ver a morte e poder sentir &hellip; <\/p>\n<p class=\"link-more\"><a href=\"https:\/\/angustiasdamaturidade.com.br\/?page_id=2264\" class=\"more-link\">Continue lendo<span class=\"screen-reader-text\"> &#8220;Uma conversa sobre finitude&#8221;<\/span><\/a><\/p>\n","protected":false},"author":1,"featured_media":0,"parent":0,"menu_order":0,"comment_status":"closed","ping_status":"closed","template":"","meta":{"footnotes":""},"class_list":["post-2264","page","type-page","status-publish","hentry"],"_links":{"self":[{"href":"https:\/\/angustiasdamaturidade.com.br\/index.php?rest_route=\/wp\/v2\/pages\/2264","targetHints":{"allow":["GET"]}}],"collection":[{"href":"https:\/\/angustiasdamaturidade.com.br\/index.php?rest_route=\/wp\/v2\/pages"}],"about":[{"href":"https:\/\/angustiasdamaturidade.com.br\/index.php?rest_route=\/wp\/v2\/types\/page"}],"author":[{"embeddable":true,"href":"https:\/\/angustiasdamaturidade.com.br\/index.php?rest_route=\/wp\/v2\/users\/1"}],"replies":[{"embeddable":true,"href":"https:\/\/angustiasdamaturidade.com.br\/index.php?rest_route=%2Fwp%2Fv2%2Fcomments&post=2264"}],"version-history":[{"count":40,"href":"https:\/\/angustiasdamaturidade.com.br\/index.php?rest_route=\/wp\/v2\/pages\/2264\/revisions"}],"predecessor-version":[{"id":2340,"href":"https:\/\/angustiasdamaturidade.com.br\/index.php?rest_route=\/wp\/v2\/pages\/2264\/revisions\/2340"}],"wp:attachment":[{"href":"https:\/\/angustiasdamaturidade.com.br\/index.php?rest_route=%2Fwp%2Fv2%2Fmedia&parent=2264"}],"curies":[{"name":"wp","href":"https:\/\/api.w.org\/{rel}","templated":true}]}}