{"id":1108,"date":"2021-03-19T11:09:01","date_gmt":"2021-03-19T14:09:01","guid":{"rendered":"https:\/\/angustiasdamaturidade.com.br\/?page_id=1108"},"modified":"2021-11-30T14:00:47","modified_gmt":"2021-11-30T17:00:47","slug":"maturidade-corporativa","status":"publish","type":"page","link":"https:\/\/angustiasdamaturidade.com.br\/?page_id=1108","title":{"rendered":"Maturidade Corporativa"},"content":{"rendered":"\t\t<div data-elementor-type=\"wp-page\" data-elementor-id=\"1108\" class=\"elementor elementor-1108\">\n\t\t\t\t\t\t<section class=\"elementor-section elementor-top-section elementor-element elementor-element-78a5e7c elementor-section-boxed elementor-section-height-default elementor-section-height-default\" data-id=\"78a5e7c\" data-element_type=\"section\" data-e-type=\"section\">\n\t\t\t\t\t\t<div class=\"elementor-container elementor-column-gap-default\">\n\t\t\t\t\t\t<\/div>\n\t\t<\/section>\n\t\t\t\t<section class=\"elementor-section elementor-top-section elementor-element elementor-element-1eb2e8b5 elementor-section-full_width elementor-section-height-default elementor-section-height-default elementor-invisible\" data-id=\"1eb2e8b5\" data-element_type=\"section\" data-e-type=\"section\" data-settings=\"{&quot;background_background&quot;:&quot;classic&quot;,&quot;animation&quot;:&quot;fadeIn&quot;}\">\n\t\t\t\t\t\t\t<div class=\"elementor-background-overlay\"><\/div>\n\t\t\t\t\t\t\t<div class=\"elementor-container elementor-column-gap-narrow\">\n\t\t\t\t\t<div class=\"elementor-column elementor-col-100 elementor-top-column elementor-element elementor-element-1004e7f\" data-id=\"1004e7f\" data-element_type=\"column\" data-e-type=\"column\" data-settings=\"{&quot;background_background&quot;:&quot;classic&quot;}\">\n\t\t\t<div class=\"elementor-widget-wrap elementor-element-populated\">\n\t\t\t\t\t<div class=\"elementor-background-overlay\"><\/div>\n\t\t\t\t\t\t<div class=\"elementor-element elementor-element-b81dbd6 elementor-widget elementor-widget-image\" data-id=\"b81dbd6\" data-element_type=\"widget\" data-e-type=\"widget\" data-widget_type=\"image.default\">\n\t\t\t\t<div class=\"elementor-widget-container\">\n\t\t\t\t\t\t\t\t\t\t\t\t\t\t\t<img fetchpriority=\"high\" decoding=\"async\" width=\"408\" height=\"596\" src=\"https:\/\/angustiasdamaturidade.com.br\/wp-content\/uploads\/2021\/03\/prediocomercial.jpg\" class=\"attachment-full size-full wp-image-457\" alt=\"\" srcset=\"https:\/\/angustiasdamaturidade.com.br\/wp-content\/uploads\/2021\/03\/prediocomercial.jpg 408w, https:\/\/angustiasdamaturidade.com.br\/wp-content\/uploads\/2021\/03\/prediocomercial-350x511.jpg 350w, https:\/\/angustiasdamaturidade.com.br\/wp-content\/uploads\/2021\/03\/prediocomercial-205x300.jpg 205w\" sizes=\"100vw\" \/>\t\t\t\t\t\t\t\t\t\t\t\t\t\t\t<\/div>\n\t\t\t\t<\/div>\n\t\t\t\t\t<\/div>\n\t\t<\/div>\n\t\t\t\t<div class=\"elementor-column elementor-col-100 elementor-top-column elementor-element elementor-element-914390b\" data-id=\"914390b\" data-element_type=\"column\" data-e-type=\"column\">\n\t\t\t<div class=\"elementor-widget-wrap elementor-element-populated\">\n\t\t\t\t\t\t<div class=\"elementor-element elementor-element-7922944 elementor-widget elementor-widget-text-editor\" data-id=\"7922944\" data-element_type=\"widget\" data-e-type=\"widget\" data-widget_type=\"text-editor.default\">\n\t\t\t\t<div class=\"elementor-widget-container\">\n\t\t\t\t\t\t\t\t\t<ul><li><strong>Sua empresa sabe como gerir seu corpo humano considerando as diferen\u00e7as de idade ao mesmo tempo que aproveitam suas caracter\u00edsticas especificas?<\/strong><\/li><li><strong>As compet\u00eancias e habilidades dos funcion\u00e1rios s\u00e3o mapeadas de maneira a entender as melhores op\u00e7\u00f5es de trabalho para os diversos grupos obtendo a melhor produtividade?<\/strong><\/li><li><strong>Existe um plano de reconhecimento dos n\u00edveis de qualidade de vida e de fatores emocionais que permitam entender oportunidades de melhora da produtividade?<\/strong><\/li><li><strong>Existe um plano de aculturamento visando mostrar as alternativas existentes para se chegar \u00e0 maturidade com mais qualidade de vida?<\/strong><\/li><li><strong>Existe um programa de integra\u00e7\u00e3o geracional de maneira que a cultura e os processos sejam entendidos e realizados de maneira homog\u00eanea?<\/strong><\/li><li><strong>Existe um programa de treinamento que vislumbre as necessidades e compet\u00eancias de cada grupo et\u00e1rio de forma a obter melhor resultado sobre sua ado\u00e7\u00e3o?<\/strong><\/li><li><strong>Sua empresa possui um programa de pre-maturidade que ajude os funcion\u00e1rios para futuras exig\u00eancias de adapta\u00e7\u00e3o ao trabalho?<\/strong><\/li><li><strong>Sua empresa enxerga o idoso como fonte de experi\u00eancia e compet\u00eancia que possa ser um ganho para o neg\u00f3cio?<\/strong><\/li><li>\u00a0<\/li><\/ul>\t\t\t\t\t\t\t\t<\/div>\n\t\t\t\t<\/div>\n\t\t\t\t\t<\/div>\n\t\t<\/div>\n\t\t\t\t\t<\/div>\n\t\t<\/section>\n\t\t\t\t<section class=\"elementor-section elementor-top-section elementor-element elementor-element-0203584 elementor-section-boxed elementor-section-height-default elementor-section-height-default\" data-id=\"0203584\" data-element_type=\"section\" data-e-type=\"section\">\n\t\t\t\t\t\t<div class=\"elementor-container elementor-column-gap-default\">\n\t\t\t\t\t\t<\/div>\n\t\t<\/section>\n\t\t\t\t<section class=\"elementor-section elementor-top-section elementor-element elementor-element-aa65a08 elementor-section-boxed elementor-section-height-default elementor-section-height-default\" data-id=\"aa65a08\" data-element_type=\"section\" data-e-type=\"section\">\n\t\t\t\t\t\t<div class=\"elementor-container elementor-column-gap-default\">\n\t\t\t\t\t<div class=\"elementor-column elementor-col-100 elementor-top-column elementor-element elementor-element-8578794\" data-id=\"8578794\" data-element_type=\"column\" data-e-type=\"column\">\n\t\t\t<div class=\"elementor-widget-wrap elementor-element-populated\">\n\t\t\t\t\t\t<div class=\"elementor-element elementor-element-2620f69 elementor-widget elementor-widget-heading\" data-id=\"2620f69\" data-element_type=\"widget\" data-e-type=\"widget\" data-widget_type=\"heading.default\">\n\t\t\t\t<div class=\"elementor-widget-container\">\n\t\t\t\t\t<h2 class=\"elementor-heading-title elementor-size-default\">\"Gerindo a Maturidade\"<\/h2>\t\t\t\t<\/div>\n\t\t\t\t<\/div>\n\t\t\t\t\t<\/div>\n\t\t<\/div>\n\t\t\t\t\t<\/div>\n\t\t<\/section>\n\t\t\t\t<section class=\"elementor-section elementor-top-section elementor-element elementor-element-ca0085b elementor-section-boxed elementor-section-height-default elementor-section-height-default\" data-id=\"ca0085b\" data-element_type=\"section\" data-e-type=\"section\">\n\t\t\t\t\t\t<div class=\"elementor-container elementor-column-gap-default\">\n\t\t\t\t\t<div class=\"elementor-column elementor-col-100 elementor-top-column elementor-element elementor-element-3174085\" data-id=\"3174085\" data-element_type=\"column\" data-e-type=\"column\">\n\t\t\t<div class=\"elementor-widget-wrap elementor-element-populated\">\n\t\t\t\t\t\t<div class=\"elementor-element elementor-element-3e88b01 elementor-widget elementor-widget-text-editor\" data-id=\"3e88b01\" data-element_type=\"widget\" data-e-type=\"widget\" data-widget_type=\"text-editor.default\">\n\t\t\t\t<div class=\"elementor-widget-container\">\n\t\t\t\t\t\t\t\t\t<p>O programa &#8220;Gerindo a Maturidade&#8221; foi criado por n\u00f3s e envolve os conceitos de gest\u00e3o que no caso das empresas envolve a produtividade, autoridade, pap\u00e9is, objetivos, metas entre outros e utiliza metodologias do trabalho em grupo dos fundamentos da <a href=\"http:\/\/www.escutapsicanalitica.com.br\">escutapsicanalitica<\/a> e diversos aspectos relacionados ao biopsicossocial, como a mem\u00f3ria, pensamento, linguagem, relacionamento social, exerc\u00edcios f\u00edsicos, nutri\u00e7\u00e3o etc.\u00a0<\/p>\t\t\t\t\t\t\t\t<\/div>\n\t\t\t\t<\/div>\n\t\t\t\t\t<\/div>\n\t\t<\/div>\n\t\t\t\t\t<\/div>\n\t\t<\/section>\n\t\t\t\t<section class=\"elementor-section elementor-top-section elementor-element elementor-element-757e9c2 elementor-section-boxed elementor-section-height-default elementor-section-height-default\" data-id=\"757e9c2\" data-element_type=\"section\" data-e-type=\"section\">\n\t\t\t\t\t\t<div class=\"elementor-container elementor-column-gap-default\">\n\t\t\t\t\t<div class=\"elementor-column elementor-col-100 elementor-top-column elementor-element elementor-element-183e580\" data-id=\"183e580\" data-element_type=\"column\" data-e-type=\"column\">\n\t\t\t<div class=\"elementor-widget-wrap elementor-element-populated\">\n\t\t\t\t\t\t<div class=\"elementor-element elementor-element-c93d256 elementor-widget elementor-widget-heading\" data-id=\"c93d256\" data-element_type=\"widget\" data-e-type=\"widget\" data-widget_type=\"heading.default\">\n\t\t\t\t<div class=\"elementor-widget-container\">\n\t\t\t\t\t<h2 class=\"elementor-heading-title elementor-size-default\">Benef\u00edcios<\/h2>\t\t\t\t<\/div>\n\t\t\t\t<\/div>\n\t\t\t\t\t<\/div>\n\t\t<\/div>\n\t\t\t\t\t<\/div>\n\t\t<\/section>\n\t\t\t\t<section class=\"elementor-section elementor-top-section elementor-element elementor-element-6324092 elementor-section-boxed elementor-section-height-default elementor-section-height-default\" data-id=\"6324092\" data-element_type=\"section\" data-e-type=\"section\">\n\t\t\t\t\t\t<div class=\"elementor-container elementor-column-gap-default\">\n\t\t\t\t\t<div class=\"elementor-column elementor-col-100 elementor-top-column elementor-element elementor-element-ed6b90e\" data-id=\"ed6b90e\" data-element_type=\"column\" data-e-type=\"column\">\n\t\t\t<div class=\"elementor-widget-wrap elementor-element-populated\">\n\t\t\t\t\t\t<div class=\"elementor-element elementor-element-90bd2e8 elementor-widget elementor-widget-text-editor\" data-id=\"90bd2e8\" data-element_type=\"widget\" data-e-type=\"widget\" data-widget_type=\"text-editor.default\">\n\t\t\t\t<div class=\"elementor-widget-container\">\n\t\t\t\t\t\t\t\t\t<p>\u00c9 sabido que estamos em grande mudan\u00e7as demogr\u00e1ficas resultando numa quantidade muito maior de pessoas com mais de 50\/60 anos do que no passado. O fato de termos menos nascimentos faz com que a propor\u00e7\u00e3o das faixas et\u00e1rias esteja se modificando de forma r\u00e1pida resultando em muitas pessoas maduras, com compet\u00eancias, habilidades, experi\u00eancias desperdi\u00e7adas pela falta de programas de inclus\u00e3o no mercado de trabalho ou mesmo no conv\u00edvio social.<\/p><p>A hora \u00e9 de aproveitar esses recursos humanos, ajud\u00e1-los nos aspectos necess\u00e1rios e al\u00e9m de aproveitamento-los na for\u00e7a de trabalho da empresa, buscar novos pap\u00e9is sociais para os mesmos.<\/p><p>Pessoas mais maduras possuem conhecimentos espec\u00edficos que podem ser muito bem aproveitados na empresa.<\/p><p>\u00a0<\/p>\t\t\t\t\t\t\t\t<\/div>\n\t\t\t\t<\/div>\n\t\t\t\t\t<\/div>\n\t\t<\/div>\n\t\t\t\t\t<\/div>\n\t\t<\/section>\n\t\t\t\t<section class=\"elementor-section elementor-top-section elementor-element elementor-element-b99d7b6 elementor-section-boxed elementor-section-height-default elementor-section-height-default\" data-id=\"b99d7b6\" data-element_type=\"section\" data-e-type=\"section\">\n\t\t\t\t\t\t<div class=\"elementor-container elementor-column-gap-default\">\n\t\t\t\t\t<div class=\"elementor-column elementor-col-100 elementor-top-column elementor-element elementor-element-01a9ee8\" data-id=\"01a9ee8\" data-element_type=\"column\" data-e-type=\"column\">\n\t\t\t<div class=\"elementor-widget-wrap elementor-element-populated\">\n\t\t\t\t\t\t<div class=\"elementor-element elementor-element-ff39f38 elementor-widget elementor-widget-text-editor\" data-id=\"ff39f38\" data-element_type=\"widget\" data-e-type=\"widget\" data-widget_type=\"text-editor.default\">\n\t\t\t\t<div class=\"elementor-widget-container\">\n\t\t\t\t\t\t\t\t\t<p>Intergeracionalidade<\/p>\t\t\t\t\t\t\t\t<\/div>\n\t\t\t\t<\/div>\n\t\t\t\t\t<\/div>\n\t\t<\/div>\n\t\t\t\t\t<\/div>\n\t\t<\/section>\n\t\t\t\t<section class=\"elementor-section elementor-top-section elementor-element elementor-element-f49c106 elementor-section-boxed elementor-section-height-default elementor-section-height-default\" data-id=\"f49c106\" data-element_type=\"section\" data-e-type=\"section\">\n\t\t\t\t\t\t<div class=\"elementor-container elementor-column-gap-default\">\n\t\t\t\t\t<div class=\"elementor-column elementor-col-100 elementor-top-column elementor-element elementor-element-515ab61\" data-id=\"515ab61\" data-element_type=\"column\" data-e-type=\"column\">\n\t\t\t<div class=\"elementor-widget-wrap elementor-element-populated\">\n\t\t\t\t\t\t<div class=\"elementor-element elementor-element-6d3aaa3 elementor-widget elementor-widget-text-editor\" data-id=\"6d3aaa3\" data-element_type=\"widget\" data-e-type=\"widget\" data-widget_type=\"text-editor.default\">\n\t\t\t\t<div class=\"elementor-widget-container\">\n\t\t\t\t\t\t\t\t\t<p>O fato de haver diversas faixas et\u00e1rias na empresa e estas estarem se relacionando gerando parcerias, conflitos faz com que se incluam em diversas etapas grupos heterog\u00eaneos de maneira que possam suscitar diversos olhares que possam ser trabalhados nas din\u00e2micas. Essa diversidade na participa\u00e7\u00e3o faz com que se possa trabalhar a cultura da empresa e sempre lembrando:<\/p><p>Ficamos velhos desde que nascemos portanto onde come\u00e7a o tempo da maturidade?<\/p>\t\t\t\t\t\t\t\t<\/div>\n\t\t\t\t<\/div>\n\t\t\t\t\t<\/div>\n\t\t<\/div>\n\t\t\t\t\t<\/div>\n\t\t<\/section>\n\t\t\t\t<section class=\"elementor-section elementor-top-section elementor-element elementor-element-835d4b3 elementor-section-boxed elementor-section-height-default elementor-section-height-default\" data-id=\"835d4b3\" data-element_type=\"section\" data-e-type=\"section\">\n\t\t\t\t\t\t<div class=\"elementor-container elementor-column-gap-default\">\n\t\t\t\t\t<div class=\"elementor-column elementor-col-100 elementor-top-column elementor-element elementor-element-ef77ae7\" data-id=\"ef77ae7\" data-element_type=\"column\" data-e-type=\"column\">\n\t\t\t<div class=\"elementor-widget-wrap elementor-element-populated\">\n\t\t\t\t\t\t<div class=\"elementor-element elementor-element-d3553b0 elementor-widget elementor-widget-text-editor\" data-id=\"d3553b0\" data-element_type=\"widget\" data-e-type=\"widget\" data-widget_type=\"text-editor.default\">\n\t\t\t\t<div class=\"elementor-widget-container\">\n\t\t\t\t\t\t\t\t\t<p><strong>Como Funciona<\/strong><\/p>\t\t\t\t\t\t\t\t<\/div>\n\t\t\t\t<\/div>\n\t\t\t\t\t<\/div>\n\t\t<\/div>\n\t\t\t\t\t<\/div>\n\t\t<\/section>\n\t\t\t\t<section class=\"elementor-section elementor-top-section elementor-element elementor-element-6b4b3da elementor-section-boxed elementor-section-height-default elementor-section-height-default\" data-id=\"6b4b3da\" data-element_type=\"section\" data-e-type=\"section\">\n\t\t\t\t\t\t<div class=\"elementor-container elementor-column-gap-default\">\n\t\t\t\t\t<div class=\"elementor-column elementor-col-33 elementor-top-column elementor-element elementor-element-79912e4\" data-id=\"79912e4\" data-element_type=\"column\" data-e-type=\"column\">\n\t\t\t<div class=\"elementor-widget-wrap elementor-element-populated\">\n\t\t\t\t\t\t<div class=\"elementor-element elementor-element-9893cf1 elementor-widget elementor-widget-text-editor\" data-id=\"9893cf1\" data-element_type=\"widget\" data-e-type=\"widget\" data-widget_type=\"text-editor.default\">\n\t\t\t\t<div class=\"elementor-widget-container\">\n\t\t\t\t\t\t\t\t\t<p>Palestras<\/p><p>Alguns temas s\u00e3o considerados como educativos como por exemplo sobre alimentos mais saud\u00e1veis, tipos de exerc\u00edcios f\u00edsicos a serem realizados, periodicidade de consultas m\u00e9dicas e muito mais. Esses ser\u00e3o demonstrados atrav\u00e9s de palestras ou mesmo treinamentos caso sejam relacionados a novas aprendizagens como atender o p\u00fablico, fazer cobran\u00e7as telef\u00f4nicas, utilizar computadores, etc<\/p><p>Tempo previsto:1:00\/2:00hs (*) (**)<\/p><p>(*) A depender do conte\u00fado<\/p><p>(**) Essa atividade n\u00e3o acontece em todas as reuni\u00f5es<\/p>\t\t\t\t\t\t\t\t<\/div>\n\t\t\t\t<\/div>\n\t\t\t\t\t<\/div>\n\t\t<\/div>\n\t\t\t\t<div class=\"elementor-column elementor-col-33 elementor-top-column elementor-element elementor-element-de72bf1\" data-id=\"de72bf1\" data-element_type=\"column\" data-e-type=\"column\">\n\t\t\t<div class=\"elementor-widget-wrap elementor-element-populated\">\n\t\t\t\t\t\t<div class=\"elementor-element elementor-element-f1f6617 elementor-widget elementor-widget-text-editor\" data-id=\"f1f6617\" data-element_type=\"widget\" data-e-type=\"widget\" data-widget_type=\"text-editor.default\">\n\t\t\t\t<div class=\"elementor-widget-container\">\n\t\t\t\t\t\t\t\t\t<p>Din\u00e2micas Vivenciais<\/p><p>Atrav\u00e9s de t\u00e9cnicas extra\u00eddas da <a href=\"http:\/\/www.escutapsicanalitica.com.br\">psican\u00e1lise<\/a>, conceitos utilizados no trabalho com grupos ou individualmente, utilizamos exerc\u00edcios e jogos de sal\u00e3o que permitam trabalhar os aspectos cognitivos, explorar a competi\u00e7\u00e3o, o ganha-ganha, coordena\u00e7\u00e3o motora, relacionamentos sociais e muitos outros aspectos. Essas din\u00e2micas fazem parte da pr\u00f3xima etapa que \u00e9 a etapa de discuss\u00e3o e ressignifica\u00e7\u00e3o.<\/p><p>Tempo previsto: 1:30h<\/p>\t\t\t\t\t\t\t\t<\/div>\n\t\t\t\t<\/div>\n\t\t\t\t\t<\/div>\n\t\t<\/div>\n\t\t\t\t<div class=\"elementor-column elementor-col-33 elementor-top-column elementor-element elementor-element-c70aafc\" data-id=\"c70aafc\" data-element_type=\"column\" data-e-type=\"column\">\n\t\t\t<div class=\"elementor-widget-wrap elementor-element-populated\">\n\t\t\t\t\t\t<div class=\"elementor-element elementor-element-c8f9e81 elementor-widget elementor-widget-text-editor\" data-id=\"c8f9e81\" data-element_type=\"widget\" data-e-type=\"widget\" data-widget_type=\"text-editor.default\">\n\t\t\t\t<div class=\"elementor-widget-container\">\n\t\t\t\t\t\t\t\t\t<p>Discuss\u00e3o e Ressignifica\u00e7\u00e3o<\/p><p>Como a psicologia nos mostra e em especial a <a href=\"http:\/\/www.escutapsicanalitica.com.br\">psican\u00e1lise<\/a>, as viv\u00eancias em grupo e as discuss\u00f5es propiciar que quest\u00f5es inconscientes, normalmente aqueles que promovem ang\u00fastias, emerjam durante a reuni\u00e3o e s\u00e3o essas que, com a nossa coordena\u00e7\u00e3o, s\u00e3o discutidas e reelaboradas. Temas importantes nesse momento podem ser ressignificados fazendo com que os participantes tenham uma nova vis\u00e3o sobre o mesmo e ao mesmo tempo que melhoram sua forma de pensar o assunto tamb\u00e9m promovem a gera\u00e7\u00e3o de uma nova cultura na empresa.\u00a0<\/p><p>Tempo previsto: Em torno de 45&#8242;<\/p>\t\t\t\t\t\t\t\t<\/div>\n\t\t\t\t<\/div>\n\t\t\t\t\t<\/div>\n\t\t<\/div>\n\t\t\t\t\t<\/div>\n\t\t<\/section>\n\t\t\t\t<section class=\"elementor-section elementor-top-section elementor-element elementor-element-b18bd37 elementor-section-boxed elementor-section-height-default elementor-section-height-default\" data-id=\"b18bd37\" data-element_type=\"section\" data-e-type=\"section\">\n\t\t\t\t\t\t<div class=\"elementor-container elementor-column-gap-default\">\n\t\t\t\t\t<div class=\"elementor-column elementor-col-100 elementor-top-column elementor-element elementor-element-630dc14\" data-id=\"630dc14\" data-element_type=\"column\" data-e-type=\"column\">\n\t\t\t<div class=\"elementor-widget-wrap elementor-element-populated\">\n\t\t\t\t\t\t<div class=\"elementor-element elementor-element-7523010 elementor-widget elementor-widget-heading\" data-id=\"7523010\" data-element_type=\"widget\" data-e-type=\"widget\" data-widget_type=\"heading.default\">\n\t\t\t\t<div class=\"elementor-widget-container\">\n\t\t\t\t\t<h2 class=\"elementor-heading-title elementor-size-default\">Multidisciplinaridade<\/h2>\t\t\t\t<\/div>\n\t\t\t\t<\/div>\n\t\t\t\t\t<\/div>\n\t\t<\/div>\n\t\t\t\t\t<\/div>\n\t\t<\/section>\n\t\t\t\t<section class=\"elementor-section elementor-top-section elementor-element elementor-element-a9fa055 elementor-section-boxed elementor-section-height-default elementor-section-height-default\" data-id=\"a9fa055\" data-element_type=\"section\" data-e-type=\"section\">\n\t\t\t\t\t\t<div class=\"elementor-container elementor-column-gap-default\">\n\t\t\t\t\t<div class=\"elementor-column elementor-col-100 elementor-top-column elementor-element elementor-element-ace39e1\" data-id=\"ace39e1\" data-element_type=\"column\" data-e-type=\"column\">\n\t\t\t<div class=\"elementor-widget-wrap elementor-element-populated\">\n\t\t\t\t\t\t<div class=\"elementor-element elementor-element-cd27be6 elementor-widget elementor-widget-text-editor\" data-id=\"cd27be6\" data-element_type=\"widget\" data-e-type=\"widget\" data-widget_type=\"text-editor.default\">\n\t\t\t\t<div class=\"elementor-widget-container\">\n\t\t\t\t\t\t\t\t\t<p>Consideramos de extrema importancia o foco multidisciplinar e dessa forma propiciaremos palestras por especialistas de diversas \u00e1reas que poder\u00e3o trazer um olhar mais especializado bem como responder quest\u00f5es importantes surgidas nos grupos. N\u00e3o consideramos um modelo pronto de trabalho pois muitas necessidades surgir\u00e3o durante as viv\u00eancias e discuss\u00f5es em grupo e atraves do coordenador ser\u00e3o consideradas.<\/p>\t\t\t\t\t\t\t\t<\/div>\n\t\t\t\t<\/div>\n\t\t\t\t\t<\/div>\n\t\t<\/div>\n\t\t\t\t\t<\/div>\n\t\t<\/section>\n\t\t\t\t<section class=\"elementor-section elementor-top-section elementor-element elementor-element-f1a7843 elementor-section-boxed elementor-section-height-default elementor-section-height-default\" data-id=\"f1a7843\" data-element_type=\"section\" data-e-type=\"section\">\n\t\t\t\t\t\t<div class=\"elementor-container elementor-column-gap-default\">\n\t\t\t\t\t<div class=\"elementor-column elementor-col-100 elementor-top-column elementor-element elementor-element-3666079\" data-id=\"3666079\" data-element_type=\"column\" data-e-type=\"column\">\n\t\t\t<div class=\"elementor-widget-wrap elementor-element-populated\">\n\t\t\t\t\t\t<div class=\"elementor-element elementor-element-2fafc5a elementor-widget elementor-widget-heading\" data-id=\"2fafc5a\" data-element_type=\"widget\" data-e-type=\"widget\" data-widget_type=\"heading.default\">\n\t\t\t\t<div class=\"elementor-widget-container\">\n\t\t\t\t\t<h2 class=\"elementor-heading-title elementor-size-default\">Mensura\u00e7\u00e3o<\/h2>\t\t\t\t<\/div>\n\t\t\t\t<\/div>\n\t\t\t\t\t<\/div>\n\t\t<\/div>\n\t\t\t\t\t<\/div>\n\t\t<\/section>\n\t\t\t\t<section class=\"elementor-section elementor-top-section elementor-element elementor-element-866c425 elementor-section-boxed elementor-section-height-default elementor-section-height-default\" data-id=\"866c425\" data-element_type=\"section\" data-e-type=\"section\">\n\t\t\t\t\t\t<div class=\"elementor-container elementor-column-gap-default\">\n\t\t\t\t\t<div class=\"elementor-column elementor-col-100 elementor-top-column elementor-element elementor-element-2077689\" data-id=\"2077689\" data-element_type=\"column\" data-e-type=\"column\">\n\t\t\t<div class=\"elementor-widget-wrap elementor-element-populated\">\n\t\t\t\t\t\t<div class=\"elementor-element elementor-element-3a0c760 elementor-widget elementor-widget-text-editor\" data-id=\"3a0c760\" data-element_type=\"widget\" data-e-type=\"widget\" data-widget_type=\"text-editor.default\">\n\t\t\t\t<div class=\"elementor-widget-container\">\n\t\t\t\t\t\t\t\t\t<p>Utilizamos question\u00e1rios desenvolvidos e validados pela comunidade cient\u00edfica no que se refere a Qualidade de Vida, Longevidade, Intelig\u00eancia Emocional, Produtividade e outros. Procuramos fazer alguns testes no in\u00edcio dos nossos trabalhos para que possamos ao longo do tempo avaliar os benef\u00edcios bem como ajustar eventuais necessidades como palestras, viv\u00eancias, etc&#8230;<\/p><p>Um exemplo de teste temos no nosso site da Escuta Psicanal\u00edtica que \u00e9 a <em><a href=\"https:\/\/escutapsicanalitica.com.br\/?page_id=854\">Qualidade de Vida x Longevidade<\/a><\/em><\/p>\t\t\t\t\t\t\t\t<\/div>\n\t\t\t\t<\/div>\n\t\t\t\t\t<\/div>\n\t\t<\/div>\n\t\t\t\t\t<\/div>\n\t\t<\/section>\n\t\t\t\t<\/div>\n\t\t","protected":false},"excerpt":{"rendered":"<p>Sua empresa sabe como gerir seu corpo humano considerando as diferen\u00e7as de idade ao mesmo tempo que aproveitam suas caracter\u00edsticas especificas? As compet\u00eancias e habilidades dos funcion\u00e1rios s\u00e3o mapeadas de maneira a entender as melhores op\u00e7\u00f5es de trabalho para os diversos grupos obtendo a melhor produtividade? Existe um plano de reconhecimento dos n\u00edveis de qualidade &hellip; <\/p>\n<p class=\"link-more\"><a href=\"https:\/\/angustiasdamaturidade.com.br\/?page_id=1108\" class=\"more-link\">Continue lendo<span class=\"screen-reader-text\"> &#8220;Maturidade Corporativa&#8221;<\/span><\/a><\/p>\n","protected":false},"author":1,"featured_media":0,"parent":0,"menu_order":0,"comment_status":"closed","ping_status":"closed","template":"","meta":{"footnotes":""},"class_list":["post-1108","page","type-page","status-publish","hentry"],"_links":{"self":[{"href":"https:\/\/angustiasdamaturidade.com.br\/index.php?rest_route=\/wp\/v2\/pages\/1108","targetHints":{"allow":["GET"]}}],"collection":[{"href":"https:\/\/angustiasdamaturidade.com.br\/index.php?rest_route=\/wp\/v2\/pages"}],"about":[{"href":"https:\/\/angustiasdamaturidade.com.br\/index.php?rest_route=\/wp\/v2\/types\/page"}],"author":[{"embeddable":true,"href":"https:\/\/angustiasdamaturidade.com.br\/index.php?rest_route=\/wp\/v2\/users\/1"}],"replies":[{"embeddable":true,"href":"https:\/\/angustiasdamaturidade.com.br\/index.php?rest_route=%2Fwp%2Fv2%2Fcomments&post=1108"}],"version-history":[{"count":42,"href":"https:\/\/angustiasdamaturidade.com.br\/index.php?rest_route=\/wp\/v2\/pages\/1108\/revisions"}],"predecessor-version":[{"id":1167,"href":"https:\/\/angustiasdamaturidade.com.br\/index.php?rest_route=\/wp\/v2\/pages\/1108\/revisions\/1167"}],"wp:attachment":[{"href":"https:\/\/angustiasdamaturidade.com.br\/index.php?rest_route=%2Fwp%2Fv2%2Fmedia&parent=1108"}],"curies":[{"name":"wp","href":"https:\/\/api.w.org\/{rel}","templated":true}]}}